{"id":2,"date":"2025-06-04T06:21:28","date_gmt":"2025-06-04T06:21:28","guid":{"rendered":"https:\/\/app.myweb.vip\/wp\/?page_id=2"},"modified":"2026-03-23T05:58:53","modified_gmt":"2026-03-23T05:58:53","slug":"reichstagsgebaude-geschichte-architektur-und-besuchertipps","status":"publish","type":"page","link":"https:\/\/reichstagbuilding.com\/de\/reichstag-building-history-architecture-and-visitor-tips\/","title":{"rendered":"Reichstagsgeb\u00e4ude: Geschichte, Architektur und Besuchertipps"},"content":{"rendered":"<hr class=\"wp-block-separator has-alpha-channel-opacity\"\/>\n\n\n<div class=\"wp-block-image\">\n<figure class=\"aligncenter size-full\"><img loading=\"lazy\" decoding=\"async\" width=\"765\" height=\"1020\" src=\"https:\/\/reichstagbuilding.com\/wp-content\/uploads\/2026\/03\/image.png\" alt=\"\" class=\"wp-image-1445\" srcset=\"https:\/\/reichstagbuilding.com\/wp-content\/uploads\/2026\/03\/image.png 765w, https:\/\/reichstagbuilding.com\/wp-content\/uploads\/2026\/03\/image-225x300.png 225w\" sizes=\"auto, (max-width: 765px) 100vw, 765px\" \/><\/figure>\n<\/div>\n\n\n<h2 class=\"wp-block-heading\">Einleitung: Ein Symbol der deutschen Demokratie<\/h2>\n\n\n\n<p>Wenn man an die Berliner Skyline denkt, sticht ein Bauwerk nicht nur durch seine H\u00f6he, sondern auch durch seine tiefgreifende historische Bedeutung hervor: die <strong>Reichstagsgeb\u00e4ude<\/strong>. Der Reichstag, Sitz des Deutschen Bundestages, ist als architektonisches Meisterwerk weit mehr als ein Regierungsgeb\u00e4ude; er ist eine lebendige Chronik des turbulenten 20. Jahrhunderts in Deutschland. Von der Kaiserzeit \u00fcber das Dritte Reich, durch Teilung und Vernachl\u00e4ssigung bis hin zu seiner glorreichen Wiedergeburt als Symbol der Wiedervereinigung erz\u00e4hlt der Reichstag die Geschichte einer Nation.<\/p>\n\n\n\n<p>F\u00fcr Reisende, Geschichtsinteressierte und Architekturbegeisterte ist ein Besuch des Reichstags ein absolutes Muss. Ob man nun die spiralf\u00f6rmige Rampe der ber\u00fchmten Glaskuppel entlanggeht oder unter der Inschrift steht \u2013 ein Besuch lohnt sich. <em>\u201cDem Deutschen Volke\u201d<\/em> (F\u00fcr das deutsche Volk) ist es ein bewegendes Erlebnis.<\/p>\n\n\n\n<p>In diesem umfassenden Leitfaden werden wir uns eingehend mit dem Thema befassen. <strong>Geschichte des Reichstagsgeb\u00e4udes<\/strong>, analysieren Sie seine einzigartigen <strong>Architektur<\/strong>, und eine Schritt-f\u00fcr-Schritt-Anleitung bereitstellen <strong>Besucherf\u00fchrer<\/strong> Damit Sie sich Ihren Platz an Berlins beliebtester Sehensw\u00fcrdigkeit sichern k\u00f6nnen.<\/p>\n\n\n\n<hr class=\"wp-block-separator has-alpha-channel-opacity\"\/>\n\n\n\n<h2 class=\"wp-block-heading\">1. Die turbulente Geschichte des Reichstags<\/h2>\n\n\n\n<p>Um das Geb\u00e4ude zu verstehen, muss man seine Geschichte kennen. Die Steine des Reichstags waren Zeugen der Entstehung eines Imperiums, des Zusammenbruchs der Demokratie, der Schrecken des Krieges und der Freude \u00fcber die Einheit.<\/p>\n\n\n\n<h3 class=\"wp-block-heading\">Die Kaiserzeit (1894\u20131918)<\/h3>\n\n\n\n<p>Das urspr\u00fcngliche Geb\u00e4ude, das im Auftrag von Kaiser Wilhelm I. errichtet wurde, wurde von dem Architekten entworfen. <strong>Paul Wallot<\/strong>. Der Bau begann 1884 und wurde zehn Jahre sp\u00e4ter, 1894, abgeschlossen. Damals z\u00e4hlte es zu den gr\u00f6\u00dften und imposantesten Parlamentsgeb\u00e4uden der Welt und besa\u00df eine markante Kuppel, die f\u00fcr ihre Zeit technisch fortschrittlich war. Der Kaiser hegte jedoch einen Groll gegen das Parlament und verabscheute das Geb\u00e4ude bekannterma\u00dfen. Er bezeichnete es als \u201cAffenhaus\u201d und weigerte sich jahrelang, es zu betreten.<\/p>\n\n\n\n<h3 class=\"wp-block-heading\">Der Brand und das Dritte Reich (1933\u20131945)<\/h3>\n\n\n\n<p>Das ber\u00fcchtigtste Ereignis in der Geschichte des Geb\u00e4udes ereignete sich am <strong>27. Februar 1933<\/strong>. Im Plenarsaal brach ein verheerendes Feuer aus. Das NS-Regime unter Adolf Hitler nutzte den Brand als Vorwand, um B\u00fcrgerrechte einzuschr\u00e4nken und seine Macht zu festigen \u2013 ein entscheidender Schritt auf dem Weg zur Diktatur. Obwohl das Geb\u00e4ude besch\u00e4digt wurde, blieb seine Statik erhalten. Im Zweiten Weltkrieg erlitt es durch alliierte Bombenangriffe und die Schlacht um Berlin 1945 weitere Sch\u00e4den. Sowjetische Soldaten bespr\u00fchten die Innenw\u00e4nde mit Graffiti (einige davon wurden bei der Renovierung erhalten) und hissten die Rote Fahne \u00fcber dem Geb\u00e4ude, um das Kriegsende in Europa zu symbolisieren.<\/p>\n\n\n\n<h3 class=\"wp-block-heading\">Vernachl\u00e4ssigung im Kalten Krieg (1945\u20131990)<\/h3>\n\n\n\n<p>Nach dem Krieg wurde Berlin geteilt. Der Reichstag befand sich im britischen Sektor West-Berlins, direkt an der Grenze zu Ost-Berlin. Da die Hauptstadt Westdeutschlands nach Bonn verlegt worden war, verlor das Geb\u00e4ude seine politische Funktion. Es stand da wie eine leere H\u00fclle, ein Relikt der Vergangenheit, gelegentlich f\u00fcr Ausstellungen genutzt, aber weitgehend ignoriert. Die Teilung Deutschlands manifestierte sich physisch durch die <strong>Berliner Mauer<\/strong>, das 1961 nur wenige Meter von der R\u00fcckfassade des Reichstags entfernt errichtet wurde.<\/p>\n\n\n\n<h3 class=\"wp-block-heading\">Wiedervereinigung und Erneuerung (1990\u2013heute)<\/h3>\n\n\n\n<p>Mit dem Fall der Mauer 1989 und der deutschen Wiedervereinigung 1990 wurde Berlin erneut zur Hauptstadt erkl\u00e4rt. Man beschloss, das Parlament zur\u00fcck in den Reichstag zu verlegen. Ein Wettbewerb zur Neugestaltung des Innenraums wurde ausgeschrieben, den ein britischer Architekt gewann. <strong>Sir Norman Foster<\/strong>. Sein Entwurf respektierte die historische Bausubstanz und integrierte gleichzeitig moderne Transparenz und Nachhaltigkeit. 1999 hielt der Bundestag seine erste Sitzung im renovierten Geb\u00e4ude ab und besiegelte damit die politische R\u00fcckkehr Deutschlands nach Berlin.<\/p>\n\n\n\n<hr class=\"wp-block-separator has-alpha-channel-opacity\"\/>\n\n\n\n<h2 class=\"wp-block-heading\">2. Architektur: Eine Mischung aus Alt und Neu<\/h2>\n\n\n\n<p>Der Reichstag ist ein Paradebeispiel f\u00fcr gelungene Umnutzung. Die Fassade bewahrt die Pracht des Neorenaissance-Stils des 19. Jahrhunderts, w\u00e4hrend das Innere eine futuristische Vision von Transparenz verk\u00f6rpert.<\/p>\n\n\n\n<h3 class=\"wp-block-heading\">Paul Wallots Originalentwurf<\/h3>\n\n\n\n<p>Die Sandsteinfassade besticht durch kunstvolle Schnitzereien, prunkvolle Treppenh\u00e4user und imposante S\u00e4ulen. Eines der bedeutendsten Merkmale ist die Inschrift am vorderen Portikus: <strong>\u201cDEM DEUTSCHEN VOLKE\u201d<\/strong> (Dem deutschen Volk gewidmet). Interessanterweise wurde diese Inschrift 1916 w\u00e4hrend des Ersten Weltkriegs hinzugef\u00fcgt. Sie wurde von den Nationalsozialisten (die das Parlament als schwach ansahen) entfernt und erst im Zuge der Renovierung in den 1990er Jahren wieder angebracht.<\/p>\n\n\n\n<h3 class=\"wp-block-heading\">Norman Fosters moderne Intervention<\/h3>\n\n\n\n<p>Fosters Philosophie war die \u201cTransparenz der Regierung\u201d. Er wollte, dass die B\u00fcrger im w\u00f6rtlichen wie im \u00fcbertragenen Sinne auf ihre Politiker herabsehen k\u00f6nnen.<\/p>\n\n\n\n<ul class=\"wp-block-list\">\n<li><strong>Der Plenarsaal:<\/strong> Der Debattiersaal wurde aus der Mitte des Geb\u00e4udes verlegt, um Platz f\u00fcr die neue Kuppelkonstruktion zu schaffen. Er ist mit hellem Holz und moderner Akustik ausgestattet.<\/li>\n\n\n\n<li><strong>Der Dachgarten:<\/strong> Die flachen Dachabschnitte sind mit Vegetation bedeckt, was zur Isolierung und zum Regenwassermanagement beitr\u00e4gt.<\/li>\n\n\n\n<li><strong>Nachhaltigkeit:<\/strong> Das Geb\u00e4ude ist ein Vorreiter in Sachen Energieeffizienz. Es nutzt ein Blockheizkraftwerk und verbrennt Biokraftstoff zur Stromerzeugung.<\/li>\n<\/ul>\n\n\n\n<hr class=\"wp-block-separator has-alpha-channel-opacity\"\/>\n\n\n\n<h2 class=\"wp-block-heading\">3. Die ikonische Glaskuppel (Kuppel)<\/h2>\n\n\n\n<p>Das Kronjuwel der Reichstagsrenovierung ist der <strong>Glaskuppel<\/strong>. Das ist der Hauptgrund, warum die meisten Touristen das Geb\u00e4ude besuchen.<\/p>\n\n\n\n<h3 class=\"wp-block-heading\">Design und Funktion<\/h3>\n\n\n\n<p>Die Kuppel besteht aus 3.000 Glas- und Stahlscheiben. Sie ist nicht nur dekorativ, sondern erf\u00fcllt auch einen funktionalen Zweck f\u00fcr die Klimatisierung des Geb\u00e4udes.<\/p>\n\n\n\n<ul class=\"wp-block-list\">\n<li><strong>Der Spiegelkegel:<\/strong> Im Zentrum der Kuppel h\u00e4ngt ein massiver, umgedrehter Kegel, der mit 360 Spiegeln bedeckt ist. Er reflektiert das nat\u00fcrliche Licht in den darunter liegenden Plenarsaal und reduziert so den Bedarf an k\u00fcnstlicher Beleuchtung tags\u00fcber.<\/li>\n\n\n\n<li><strong>Bel\u00fcftung:<\/strong> Die Kuppel fungiert als Kamin. Im Sommer steigt warme Luft auf und entweicht durch L\u00fcftungs\u00f6ffnungen an der Spitze, wodurch frische Luft ins Geb\u00e4ude nachstr\u00f6mt. Im Winter kehrt sich dieser Prozess um, um die W\u00e4rme im Geb\u00e4ude zu halten.<\/li>\n<\/ul>\n\n\n\n<h3 class=\"wp-block-heading\">Das Besuchererlebnis<\/h3>\n\n\n\n<p>Die Besucher gelangen \u00fcber eine spiralf\u00f6rmige Rampe in die Kuppel. Es gibt zwei Rampen: eine zum Aufsteigen und eine zum Absteigen.<\/p>\n\n\n\n<ul class=\"wp-block-list\">\n<li><strong>Der Spaziergang:<\/strong> W\u00e4hrend Sie spiralf\u00f6rmig nach oben fahren, genie\u00dfen Sie einen 360-Grad-Panoramablick auf Berlin.<\/li>\n\n\n\n<li><strong>Wichtige Orientierungspunkte:<\/strong> An einem klaren Tag kann man die <strong>Brandenburger Tor<\/strong>, Die <strong>Tiergarten<\/strong>, Die <strong>Berliner Dom<\/strong>, und die <strong>Potsdamer Platz<\/strong>.<\/li>\n\n\n\n<li><strong>Audioguide:<\/strong> W\u00e4hrend Sie gehen, wird automatisch ein Audioguide (verf\u00fcgbar in vielen Sprachen) je nach Ihrem Standort aktiviert, der auf bestimmte Sehensw\u00fcrdigkeiten im Au\u00dfenbereich hinweist und architektonische Besonderheiten im Inneren erl\u00e4utert.<\/li>\n\n\n\n<li><strong>Die Plattform:<\/strong> Ganz oben befindet sich eine Aussichtsplattform, von der aus man (bei gutem Wetter) durch das Glas treten und einen ungest\u00f6rten Blick genie\u00dfen kann.<\/li>\n<\/ul>\n\n\n\n<hr class=\"wp-block-separator has-alpha-channel-opacity\"\/>\n\n\n\n<h2 class=\"wp-block-heading\">4. So besuchen Sie das Reichstagsgeb\u00e4ude: Wichtige Logistikhinweise<\/h2>\n\n\n\n<p>Ein Besuch des Reichstags ist <strong>kostenlos<\/strong>, Es erfordert jedoch Planung. Aufgrund hoher Sicherheitsvorkehrungen und enormer Nachfrage kann man nicht einfach so hineinspazieren.<\/p>\n\n\n\n<h3 class=\"wp-block-heading\">Schritt 1: Die Registrierung ist obligatorisch.<\/h3>\n\n\n\n<p>Sie m\u00fcssen Ihren Besuch im Voraus anmelden. Daf\u00fcr gibt es drei M\u00f6glichkeiten:<\/p>\n\n\n\n<ol start=\"1\" class=\"wp-block-list\">\n<li><strong>Online:<\/strong> Die beliebteste Methode. Registrieren Sie sich auf der offiziellen Website. <a href=\"https:\/\/www.bundestag.de\/\" target=\"_blank\" rel=\"noreferrer noopener\">Webseite des Bundestages<\/a>. Sie k\u00f6nnen bis zu zwei Monate im Voraus buchen. <strong>Tipp:<\/strong> Die Termine sind schnell ausgebucht, insbesondere f\u00fcr die Sonnenuntergangszeiten im Sommer.<\/li>\n\n\n\n<li><strong>Pers\u00f6nlich:<\/strong> Sie k\u00f6nnen das Servicecenter in der N\u00e4he des Reichstags (Scheidemannstra\u00dfe) bis zu zwei Tage vor Ihrem Besuch aufsuchen. Rechnen Sie mit langen Wartezeiten.<\/li>\n\n\n\n<li><strong>Fax\/E-Mail:<\/strong> Eine \u00e4ltere Methode, die zwar noch verf\u00fcgbar, aber langsamer ist.<\/li>\n<\/ol>\n\n\n\n<h3 class=\"wp-block-heading\">Schritt 2: Was Sie mitbringen m\u00fcssen<\/h3>\n\n\n\n<ul class=\"wp-block-list\">\n<li><strong>Lichtbildausweis:<\/strong> Das ist nicht verhandelbar. Sie m\u00fcssen Folgendes mitbringen: <strong>Original physischer Ausweis<\/strong> oder den Reisepass, den Sie bei der Registrierung verwendet haben. Eine Fotokopie oder ein Foto auf Ihrem Handy gen\u00fcgt. <strong>nicht<\/strong> Die Angaben auf dem Ausweis m\u00fcssen akzeptiert werden. Der Name auf dem Ausweis muss exakt mit dem Namen in der Registrierung \u00fcbereinstimmen.<\/li>\n\n\n\n<li><strong>Best\u00e4tigung:<\/strong> Halten Sie Ihre Buchungsbest\u00e4tigung (ausgedruckt oder auf Ihrem Handy) bereit.<\/li>\n<\/ul>\n\n\n\n<h3 class=\"wp-block-heading\">Schritt 3: Sicherheitspr\u00fcfung<\/h3>\n\n\n\n<p>Bitte erscheinen Sie mindestens 15 Minuten vor Ihrem geplanten Termin. Sie durchlaufen eine Sicherheitskontrolle wie am Flughafen. Ihr Gep\u00e4ck wird durchsucht, und gro\u00dfe Gep\u00e4ckst\u00fccke sind nicht erlaubt. In der N\u00e4he stehen Schlie\u00dff\u00e4cher zur Verf\u00fcgung, falls Sie Rucks\u00e4cke dabei haben.<\/p>\n\n\n\n<h3 class=\"wp-block-heading\">Schritt 4: \u00d6ffnungszeiten<\/h3>\n\n\n\n<ul class=\"wp-block-list\">\n<li><strong>Allgemeine Besuche:<\/strong> T\u00e4glich von 8:00 Uhr bis Mitternacht (letzter Einlass um 22:00 Uhr).<\/li>\n\n\n\n<li><strong>Plenarsitzungen:<\/strong> Wenn das Parlament tagt, kann der \u00f6ffentliche Zugang zu bestimmten Bereichen eingeschr\u00e4nkt sein. Den Sitzungsplan finden Sie online.<\/li>\n\n\n\n<li><strong>Schlie\u00dfung:<\/strong> Das Geb\u00e4ude ist an Tagen, an denen der Bundestag nicht tagt, in der Regel w\u00e4hrend der Sitzungspausen, geschlossen, die Kuppel bleibt jedoch meist ge\u00f6ffnet. Bitte beachten Sie stets den offiziellen Kalender.<\/li>\n<\/ul>\n\n\n\n<h3 class=\"wp-block-heading\">Schritt 5: Speisem\u00f6glichkeiten<\/h3>\n\n\n\n<ul class=\"wp-block-list\">\n<li><strong>K\u00e4fer Dachgarten Restaurant:<\/strong> Das Restaurant befindet sich auf der Dachterrasse und bietet gehobene deutsche K\u00fcche mit Aussicht. <strong>Reservierungen sind unbedingt erforderlich<\/strong> Die Bestellung sollte rechtzeitig erfolgen. Der Dresscode ist Smart Casual.<\/li>\n\n\n\n<li><strong>Cafeteria:<\/strong> Im Erdgeschoss befindet sich eine Selbstbedienungs-Cafeteria f\u00fcr eine schnellere und preisg\u00fcnstige Mahlzeit.<\/li>\n<\/ul>\n\n\n\n<hr class=\"wp-block-separator has-alpha-channel-opacity\"\/>\n\n\n\n<h2 class=\"wp-block-heading\">5. Top-Tipps f\u00fcr das beste Erlebnis<\/h2>\n\n\n\n<p>Damit Sie Ihre Reise optimal nutzen k\u00f6nnen, beachten Sie diese Insider-Tipps:<\/p>\n\n\n\n<ul class=\"wp-block-list\">\n<li><strong>Gehen Sie bei Sonnenuntergang:<\/strong> Der Blick auf Berlin im goldenen Licht der Abendsonne ist spektakul\u00e4r. Diese Termine sind jedoch sehr begehrt. Melden Sie sich daher genau zum Start des Buchungsfensters (zwei Monate im Voraus) an, um sich Ihren Wunschtermin zu sichern.<\/li>\n\n\n\n<li><strong>Besuchen Sie uns an einem Wochentagmorgen:<\/strong> Wenn Sie Menschenmassen im Inneren der Kuppel vermeiden m\u00f6chten, sollten Sie einen Dienstag- oder Mittwochmorgen w\u00e4hlen.<\/li>\n\n\n\n<li><strong>Tragen Sie bequeme Schuhe:<\/strong> Die Rampe ist zwar flach, aber Sie werden mindestens 45 Minuten bis eine Stunde stehen und gehen m\u00fcssen.<\/li>\n\n\n\n<li><strong>Kombinieren Sie dies mit nahegelegenen Sehensw\u00fcrdigkeiten:<\/strong> Der Reichstag befindet sich im <strong>Regierungsviertel<\/strong>. Nach Ihrem Besuch gehen Sie zu Fu\u00df zum <strong>Kanzleramt<\/strong> (Bundeskanzleramt), flanieren Sie durch die <strong>Tiergartenpark<\/strong>, oder besuchen Sie die <strong>Denkmal f\u00fcr die ermordeten Juden Europas<\/strong>, das nur 10 Gehminuten entfernt liegt.<\/li>\n\n\n\n<li><strong>Halten Sie Ausschau nach den Graffiti:<\/strong> Halten Sie w\u00e4hrend der F\u00fchrung Ausschau nach erhaltenen sowjetischen Graffiti aus dem Jahr 1945 an den Innenw\u00e4nden. Sie sind eine eindringliche Erinnerung an die Vergangenheit des Geb\u00e4udes.<\/li>\n\n\n\n<li><strong>Fotografie:<\/strong> Das Fotografieren ist in der Kuppel und den meisten \u00f6ffentlichen Bereichen erlaubt. In bestimmten Zonen sind Blitzlichtaufnahmen und Stative jedoch unerw\u00fcnscht. Bitte fotografieren Sie kein Sicherheitspersonal.<\/li>\n<\/ul>\n\n\n\n<hr class=\"wp-block-separator has-alpha-channel-opacity\"\/>\n\n\n\n<h2 class=\"wp-block-heading\">6. Symbolik: Warum der Reichstag wichtig ist<\/h2>\n\n\n\n<p>Der Reichstag ist nicht nur eine Touristenattraktion; er ist ein Statement.<\/p>\n\n\n\n<h3 class=\"wp-block-heading\">Transparenz<\/h3>\n\n\n\n<p>Die Glaskuppel symbolisiert die Transparenz der Regierung gegen\u00fcber dem Volk. Fr\u00fcher versteckten sich Herrscher hinter Steinmauern; im modernen Deutschland blicken die B\u00fcrger auf ihre Repr\u00e4sentanten herab.<\/p>\n\n\n\n<h3 class=\"wp-block-heading\">Die Christo-Verpackung<\/h3>\n\n\n\n<p>Im Jahr 1995, noch vor Abschluss der Renovierungsarbeiten, hatten die K\u00fcnstler <strong>Christo und Jeanne-Claude<\/strong> Das gesamte Geb\u00e4ude wurde in silbernen Stoff und blaue Seile geh\u00fcllt. Es war eine der ber\u00fchmtesten Kunstinstallationen des 20. Jahrhunderts. Sie symbolisierte einen \u201cNeuanfang\u201d f\u00fcr das Geb\u00e4ude und verbarg seine gezeichnete Vergangenheit, um es f\u00fcr die Zukunft vorzubereiten.<\/p>\n\n\n\n<h3 class=\"wp-block-heading\">Demokratie wiederhergestellt<\/h3>\n\n\n\n<p>Die R\u00fcckkehr des Parlaments nach Berlin war ein psychologischer Meilenstein. Sie signalisierte, dass Deutschland nicht l\u00e4nger geteilt war, dass Berlin wieder vereint war und dass die Demokratie auf demselben Boden, auf dem sie einst gescheitert war, fest Fu\u00df gefasst hatte.<\/p>\n\n\n\n<hr class=\"wp-block-separator has-alpha-channel-opacity\"\/>\n\n\n\n<h2 class=\"wp-block-heading\">7. H\u00e4ufig gestellte Fragen (FAQ)<\/h2>\n\n\n\n<p><strong>F: Ist der Besuch des Reichstagsgeb\u00e4udes kostenlos?<\/strong> A: Ja, der Eintritt in den Reichstag, inklusive Kuppel und Audioguide, ist komplett kostenlos. Sie zahlen nur, wenn Sie im Dachrestaurant essen m\u00f6chten.<\/p>\n\n\n\n<p><strong>F: Muss ich im Voraus buchen?<\/strong> A: Ja. Spontanbesuche sind selten m\u00f6glich. Sie m\u00fcssen sich online oder pers\u00f6nlich im Servicecenter anmelden. Wir empfehlen dringend, 2\u20134 Wochen im Voraus online zu buchen.<\/p>\n\n\n\n<p><strong>F: Darf ich meine Kamera mit ins Haus nehmen?<\/strong> A: Ja, Handkameras und Smartphones sind erlaubt. Selfie-Sticks und Stative sind aus Sicherheitsgr\u00fcnden und zur Lenkung des Besucherstroms verboten.<\/p>\n\n\n\n<p><strong>F: Ist der Reichstag f\u00fcr Rollstuhlfahrer zug\u00e4nglich?<\/strong> A: Ja, das Geb\u00e4ude ist barrierefrei zug\u00e4nglich. F\u00fcr Besucher, die die Wendelrampe nicht benutzen k\u00f6nnen, stehen Aufz\u00fcge zur Verf\u00fcgung, um die Kuppel zu erreichen. Bitte informieren Sie den Sicherheitsdienst bei Ihrer Ankunft.<\/p>\n\n\n\n<p><strong>F: Worin besteht der Unterschied zwischen dem Reichstag und dem Bundestag?<\/strong> A: Die <strong>Reichstag<\/strong> ist der Name des historischen Geb\u00e4udes. <strong>Bundestag<\/strong> ist der Name des Deutschen Bundestages, der in diesem Geb\u00e4ude tagt.<\/p>\n\n\n\n<p><strong>F: Wie lange dauert der Besuch?<\/strong> A: Planen Sie mindestens 1 bis 1,5 Stunden ein. Dies beinhaltet die Sicherheitskontrolle, den Audioguide-Rundgang durch die Kuppel und Zeit, um die Aussicht zu genie\u00dfen.<\/p>\n\n\n\n<p><strong>F: Was passiert bei Bew\u00f6lkung oder Regen?<\/strong> A: Die Kuppelbesichtigung ist bei jedem Wetter m\u00f6glich. Das Glas bietet Schutz, allerdings kann die obere Au\u00dfenplattform bei schweren St\u00fcrmen geschlossen werden.<\/p>\n\n\n\n<hr class=\"wp-block-separator has-alpha-channel-opacity\"\/>\n\n\n\n<h2 class=\"wp-block-heading\">8. Sehensw\u00fcrdigkeiten in der Umgebung: Das Regierungsviertel<\/h2>\n\n\n\n<p>Ihr Besuch im Reichstag kann leicht zum H\u00f6hepunkt einer halbt\u00e4gigen Tour durch das politische Herz Berlins werden.<\/p>\n\n\n\n<ol start=\"1\" class=\"wp-block-list\">\n<li><strong>Das Bundeskanzleramt:<\/strong> Aufgrund seines modernen Designs wird es oft scherzhaft als \u201cWaschmaschine\u201d bezeichnet und ist das gr\u00f6\u00dfte Regierungsgeb\u00e4ude der Welt. Man kann es von au\u00dfen vom Spreeufer aus besichtigen.<\/li>\n\n\n\n<li><strong>Der Tiergarten:<\/strong> Der Berliner Zentralpark liegt direkt hinter dem Reichstag. Er eignet sich perfekt f\u00fcr ein Picknick nach Ihrem Besuch. Halten Sie Ausschau nach dem <strong>Siegess\u00e4ule<\/strong> in der Ferne.<\/li>\n\n\n\n<li><strong>Haus der Weltkulturen:<\/strong> Nur wenige Gehminuten entfernt befindet sich dieser Veranstaltungsort, an dem Ausstellungen \u00fcber au\u00dfereurop\u00e4ische Kulturen gezeigt werden und der f\u00fcr seine markante Dacharchitektur in Form einer \u201cschwangeren Auster\u201d bekannt ist.<\/li>\n\n\n\n<li><strong>Spree River Walk:<\/strong> Folgen Sie dem Fluss vom Reichstag in Richtung Museumsinsel. Es ist eine malerische Strecke, die am Humboldt Forum und am Berliner Dom vorbeif\u00fchrt.<\/li>\n<\/ol>\n\n\n\n<hr class=\"wp-block-separator has-alpha-channel-opacity\"\/>\n\n\n\n<h2 class=\"wp-block-heading\">Fazit: Ein absolutes Muss f\u00fcr jeden Besucher.<\/h2>\n\n\n\n<p>Der <strong>Reichstagsgeb\u00e4ude<\/strong> Es ist ein Zeugnis von Widerstandsf\u00e4higkeit. Es hat Feuer, Krieg, Spaltung und Vernachl\u00e4ssigung \u00fcberstanden und sich zu einem der modernsten und symboltr\u00e4chtigsten Parlamentsgeb\u00e4ude der Welt entwickelt. Reisenden bietet es eine einzigartige Kombination aus atemberaubenden Ausblicken, architektonischer Meisterleistung und tiefgreifendem historischen Kontext.<\/p>\n\n\n\n<p>Ob Sie nun auf der Glaskuppel stehen und den Sonnenuntergang \u00fcber dem Brandenburger Tor beobachten oder die erhaltenen Graffiti sowjetischer Soldaten lesen, der Reichstag verbindet Sie mit dem Herzschlag Berlins.<\/p>\n\n\n\n<p><strong>Erinnern:<\/strong> Planen Sie im Voraus, bringen Sie Ihren Ausweis mit und nehmen Sie sich einen Moment Zeit, um \u00fcber die Geschichte der Demokratie nachzudenken, die dieses Geb\u00e4ude symbolisiert. Es ist nicht nur eine Station auf Ihrer Reiseroute; es ist eine in Stein und Glas geschriebene Geschichtsstunde.<\/p>\n\n\n\n<p><\/p>","protected":false},"excerpt":{"rendered":"<p>Introduction: A Symbol of German Democracy When you think of the Berlin skyline, one structure stands out not just for its height, but for its&#8230;<\/p>","protected":false},"author":1,"featured_media":0,"parent":0,"menu_order":0,"comment_status":"closed","ping_status":"closed","template":"","meta":{"footnotes":""},"class_list":["post-2","page","type-page","status-publish","hentry"],"_links":{"self":[{"href":"https:\/\/reichstagbuilding.com\/de\/wp-json\/wp\/v2\/pages\/2","targetHints":{"allow":["GET"]}}],"collection":[{"href":"https:\/\/reichstagbuilding.com\/de\/wp-json\/wp\/v2\/pages"}],"about":[{"href":"https:\/\/reichstagbuilding.com\/de\/wp-json\/wp\/v2\/types\/page"}],"author":[{"embeddable":true,"href":"https:\/\/reichstagbuilding.com\/de\/wp-json\/wp\/v2\/users\/1"}],"replies":[{"embeddable":true,"href":"https:\/\/reichstagbuilding.com\/de\/wp-json\/wp\/v2\/comments?post=2"}],"version-history":[{"count":0,"href":"https:\/\/reichstagbuilding.com\/de\/wp-json\/wp\/v2\/pages\/2\/revisions"}],"wp:attachment":[{"href":"https:\/\/reichstagbuilding.com\/de\/wp-json\/wp\/v2\/media?parent=2"}],"curies":[{"name":"wp","href":"https:\/\/api.w.org\/{rel}","templated":true}]}}