{"id":2,"date":"2025-06-04T06:21:28","date_gmt":"2025-06-04T06:21:28","guid":{"rendered":"https:\/\/app.myweb.vip\/wp\/?page_id=2"},"modified":"2026-03-23T05:58:53","modified_gmt":"2026-03-23T05:58:53","slug":"historia-del-edificio-del-reichstag-arquitectura-y-consejos-para-visitantes","status":"publish","type":"page","link":"https:\/\/reichstagbuilding.com\/es\/reichstag-building-history-architecture-and-visitor-tips\/","title":{"rendered":"Edificio del Reichstag: Historia, arquitectura y consejos para visitantes."},"content":{"rendered":"<hr class=\"wp-block-separator has-alpha-channel-opacity\"\/>\n\n\n<div class=\"wp-block-image\">\n<figure class=\"aligncenter size-full\"><img loading=\"lazy\" decoding=\"async\" width=\"765\" height=\"1020\" src=\"https:\/\/reichstagbuilding.com\/wp-content\/uploads\/2026\/03\/image.png\" alt=\"\" class=\"wp-image-1445\" srcset=\"https:\/\/reichstagbuilding.com\/wp-content\/uploads\/2026\/03\/image.png 765w, https:\/\/reichstagbuilding.com\/wp-content\/uploads\/2026\/03\/image-225x300.png 225w\" sizes=\"auto, (max-width: 765px) 100vw, 765px\" \/><\/figure>\n<\/div>\n\n\n<h2 class=\"wp-block-heading\">Introducci\u00f3n: Un s\u00edmbolo de la democracia alemana<\/h2>\n\n\n\n<p>Cuando uno piensa en el horizonte de Berl\u00edn, una estructura destaca no solo por su altura, sino por su profundo peso hist\u00f3rico: el <strong>Edificio del Reichstag<\/strong>. Sede del Bundestag (Parlamento Federal) alem\u00e1n, esta obra maestra arquitect\u00f3nica es mucho m\u00e1s que un edificio gubernamental; es una cronolog\u00eda f\u00edsica del turbulento siglo XX alem\u00e1n. Desde la era imperial hasta el Tercer Reich, pasando por la divisi\u00f3n y el abandono, hasta su glorioso renacimiento como s\u00edmbolo de la reunificaci\u00f3n, el Reichstag narra la historia de una naci\u00f3n.<\/p>\n\n\n\n<p>Para viajeros, aficionados a la historia y entusiastas de la arquitectura, una visita al Reichstag es imprescindible. Ya sea que est\u00e9s caminando por la rampa en espiral de la famosa c\u00fapula de cristal o de pie bajo la inscripci\u00f3n <em>\u201cEl pueblo alem\u00e1n\u201d<\/em> (Para el pueblo alem\u00e1n), la experiencia es conmovedora.<\/p>\n\n\n\n<p>En esta gu\u00eda completa, profundizaremos en el tema <strong>Historia del edificio del Reichstag<\/strong>, analizar su singularidad <strong>arquitectura<\/strong>, y proporcionar un paso a paso <strong>gu\u00eda del visitante<\/strong> Para garantizar que consigas tu lugar en el monumento m\u00e1s popular de Berl\u00edn.<\/p>\n\n\n\n<hr class=\"wp-block-separator has-alpha-channel-opacity\"\/>\n\n\n\n<h2 class=\"wp-block-heading\">1. La turbulenta historia del Reichstag<\/h2>\n\n\n\n<p>Para comprender el edificio, hay que comprender su cronolog\u00eda. Las piedras del Reichstag han sido testigos del nacimiento de un imperio, del colapso de la democracia, de los horrores de la guerra y de la alegr\u00eda de la unidad.<\/p>\n\n\n\n<h3 class=\"wp-block-heading\">La era imperial (1894-1918)<\/h3>\n\n\n\n<p>Encargado por el k\u00e1iser Guillermo I, el edificio original fue dise\u00f1ado por el arquitecto <strong>Pablo Wallot<\/strong>. La construcci\u00f3n comenz\u00f3 en 1884 y finaliz\u00f3 una d\u00e9cada despu\u00e9s, en 1894. En aquel entonces, era uno de los edificios parlamentarios m\u00e1s grandes e imponentes del mundo, con una c\u00fapula distintiva que representaba un avance tecnol\u00f3gico para su \u00e9poca. Sin embargo, el k\u00e1iser guardaba rencor al parlamento y, como es bien sabido, detestaba el edificio, al que llamaba \u201ccasa de monos\u201d y se neg\u00f3 a entrar en \u00e9l durante a\u00f1os.<\/p>\n\n\n\n<h3 class=\"wp-block-heading\">El fuego y el Tercer Reich (1933\u20131945)<\/h3>\n\n\n\n<p>El evento m\u00e1s infame en la historia del edificio ocurri\u00f3 el <strong>27 de febrero de 1933<\/strong>. Un devastador incendio se desat\u00f3 en el sal\u00f3n de plenos. El r\u00e9gimen nazi, liderado por Adolf Hitler, utiliz\u00f3 el incendio como pretexto para suspender las libertades civiles y consolidar su poder, marcando un paso crucial hacia la dictadura. Si bien el edificio sufri\u00f3 da\u00f1os, su estructura se mantuvo intacta. Durante la Segunda Guerra Mundial, sufri\u00f3 da\u00f1os adicionales a causa de los bombardeos aliados y la Batalla de Berl\u00edn en 1945. Soldados sovi\u00e9ticos pintaron grafitis en las paredes interiores (algunos de los cuales se conservaron durante la restauraci\u00f3n) e izaron la Bandera Roja sobre el edificio, simbolizando el fin de la guerra en Europa.<\/p>\n\n\n\n<h3 class=\"wp-block-heading\">El abandono durante la Guerra Fr\u00eda (1945-1990)<\/h3>\n\n\n\n<p>Tras la guerra, Berl\u00edn qued\u00f3 dividida. El Reichstag se ubicaba en el sector brit\u00e1nico de Berl\u00edn Occidental, justo en la frontera con Berl\u00edn Oriental. Dado que la capital de Alemania Occidental se traslad\u00f3 a Bonn, el edificio perdi\u00f3 su funci\u00f3n pol\u00edtica. Qued\u00f3 como una c\u00e1scara vac\u00eda, un fantasma del pasado, utilizado ocasionalmente para exposiciones pero en gran medida ignorado. La divisi\u00f3n de Alemania se manifest\u00f3 f\u00edsicamente mediante la <strong>Muro de Berl\u00edn<\/strong>, que fue construida a pocos metros de la fachada trasera del Reichstag en 1961.<\/p>\n\n\n\n<h3 class=\"wp-block-heading\">Reunificaci\u00f3n y Renovaci\u00f3n (1990-Presente)<\/h3>\n\n\n\n<p>Con la ca\u00edda del Muro en 1989 y la reunificaci\u00f3n alemana en 1990, Berl\u00edn fue declarada nuevamente capital. Se decidi\u00f3 trasladar el Parlamento de nuevo al Reichstag. Se convoc\u00f3 un concurso para redise\u00f1ar el interior, que gan\u00f3 un arquitecto brit\u00e1nico. <strong>Sir Norman Foster<\/strong>. Su dise\u00f1o respet\u00f3 la estructura hist\u00f3rica a la vez que le incorpor\u00f3 transparencia y sostenibilidad modernas. En 1999, el Bundestag celebr\u00f3 su primera sesi\u00f3n en el edificio renovado, lo que marc\u00f3 la culminaci\u00f3n del regreso de Alemania a la vida pol\u00edtica en Berl\u00edn.<\/p>\n\n\n\n<hr class=\"wp-block-separator has-alpha-channel-opacity\"\/>\n\n\n\n<h2 class=\"wp-block-heading\">2. Arquitectura: Una mezcla de lo antiguo y lo nuevo.<\/h2>\n\n\n\n<p>El Reichstag es un ejemplo magistral de reutilizaci\u00f3n adaptativa. El exterior conserva la grandeza del estilo neorrenacentista del siglo XIX, mientras que el interior es una visi\u00f3n futurista de transparencia.<\/p>\n\n\n\n<h3 class=\"wp-block-heading\">Dise\u00f1o original de Paul Wallot<\/h3>\n\n\n\n<p>La fachada de arenisca presenta intrincadas tallas, grandes escaleras e imponentes columnas. Una de las caracter\u00edsticas m\u00e1s significativas es la inscripci\u00f3n en el p\u00f3rtico frontal: <strong>\u201cDEM DEUTSCHEN VOLKE\u201d<\/strong> (Al pueblo alem\u00e1n). Curiosamente, esta inscripci\u00f3n se a\u00f1adi\u00f3 en 1916 durante la Primera Guerra Mundial. Fue retirada por los nazis (que consideraban d\u00e9bil al parlamento) y solo se restaur\u00f3 durante la renovaci\u00f3n de la d\u00e9cada de 1990.<\/p>\n\n\n\n<h3 class=\"wp-block-heading\">La intervenci\u00f3n moderna de Norman Foster<\/h3>\n\n\n\n<p>La filosof\u00eda de Foster era la &quot;transparencia del gobierno&quot;. Quer\u00eda que los ciudadanos pudieran menospreciar a sus pol\u00edticos, tanto literal como metaf\u00f3ricamente.<\/p>\n\n\n\n<ul class=\"wp-block-list\">\n<li><strong>El Sal\u00f3n Plenario:<\/strong> La sala de debates se traslad\u00f3 del centro del edificio para dar cabida a la nueva estructura de la c\u00fapula. Est\u00e1 dise\u00f1ada con madera clara y ac\u00fastica moderna.<\/li>\n\n\n\n<li><strong>El jard\u00edn de la azotea:<\/strong> Las secciones planas del tejado est\u00e1n cubiertas de vegetaci\u00f3n, lo que contribuye al aislamiento y a la gesti\u00f3n del agua de lluvia.<\/li>\n\n\n\n<li><strong>Sostenibilidad:<\/strong> El edificio es pionero en eficiencia energ\u00e9tica. Utiliza una planta de cogeneraci\u00f3n y quema biocombustible para generar electricidad.<\/li>\n<\/ul>\n\n\n\n<hr class=\"wp-block-separator has-alpha-channel-opacity\"\/>\n\n\n\n<h2 class=\"wp-block-heading\">3. La emblem\u00e1tica c\u00fapula de cristal (Kuppel)<\/h2>\n\n\n\n<p>La joya de la corona de la renovaci\u00f3n del Reichstag es la <strong>C\u00fapula de cristal<\/strong>. Es la raz\u00f3n principal por la que la mayor\u00eda de los turistas visitan el edificio.<\/p>\n\n\n\n<h3 class=\"wp-block-heading\">Dise\u00f1o y funci\u00f3n<\/h3>\n\n\n\n<p>La c\u00fapula est\u00e1 compuesta por 3.000 paneles de vidrio y acero. No es meramente decorativa; cumple una funci\u00f3n pr\u00e1ctica en el control clim\u00e1tico del edificio.<\/p>\n\n\n\n<ul class=\"wp-block-list\">\n<li><strong>El cono espejo:<\/strong> En el centro de la c\u00fapula cuelga un enorme cono invertido cubierto de 360 espejos. Este refleja la luz natural hacia la sala plenaria inferior, reduciendo la necesidad de iluminaci\u00f3n artificial durante el d\u00eda.<\/li>\n\n\n\n<li><strong>Ventilaci\u00f3n:<\/strong> La c\u00fapula funciona como una chimenea. En verano, el aire caliente asciende y sale por las rejillas de ventilaci\u00f3n superiores, permitiendo que entre aire fresco en el edificio. En invierno, el proceso se invierte para conservar el calor.<\/li>\n<\/ul>\n\n\n\n<h3 class=\"wp-block-heading\">La experiencia del visitante<\/h3>\n\n\n\n<p>Los visitantes acceden a la c\u00fapula a trav\u00e9s de una rampa en espiral. Hay dos rampas: una para subir y otra para bajar.<\/p>\n\n\n\n<ul class=\"wp-block-list\">\n<li><strong>El paseo:<\/strong> A medida que asciendes en espiral, podr\u00e1s disfrutar de vistas panor\u00e1micas de 360 grados de Berl\u00edn.<\/li>\n\n\n\n<li><strong>Lugares emblem\u00e1ticos:<\/strong> En un d\u00eda despejado, puedes ver el <strong>Puerta de Brandeburgo<\/strong>, el <strong>Jard\u00edn de Tier<\/strong>, el <strong>Catedral de Berl\u00edn<\/strong>, y el <strong>Potsdamer Platz<\/strong>.<\/li>\n\n\n\n<li><strong>Audiogu\u00eda:<\/strong> Mientras caminas, una audiogu\u00eda automatizada (disponible en muchos idiomas) se activa seg\u00fan tu ubicaci\u00f3n, se\u00f1alando puntos de referencia espec\u00edficos en el exterior y explicando las caracter\u00edsticas arquitect\u00f3nicas del interior.<\/li>\n\n\n\n<li><strong>La plataforma:<\/strong> En la parte m\u00e1s alta, hay una plataforma de observaci\u00f3n desde donde se puede salir al exterior, a trav\u00e9s del cristal, para disfrutar de una vista sin obst\u00e1culos (si el tiempo lo permite).<\/li>\n<\/ul>\n\n\n\n<hr class=\"wp-block-separator has-alpha-channel-opacity\"\/>\n\n\n\n<h2 class=\"wp-block-heading\">4. C\u00f3mo visitar el edificio del Reichstag: Log\u00edstica esencial<\/h2>\n\n\n\n<p>Visitar el Reichstag es <strong>gratis<\/strong>, Pero requiere planificaci\u00f3n. Debido a las altas medidas de seguridad y la enorme demanda, no se puede entrar sin m\u00e1s.<\/p>\n\n\n\n<h3 class=\"wp-block-heading\">Paso 1: El registro es obligatorio.<\/h3>\n\n\n\n<p>Debes registrar tu visita con antelaci\u00f3n. Hay tres maneras de hacerlo:<\/p>\n\n\n\n<ol start=\"1\" class=\"wp-block-list\">\n<li><strong>En l\u00ednea:<\/strong> El m\u00e9todo m\u00e1s popular. Reg\u00edstrate en el sitio oficial. <a href=\"https:\/\/www.bundestag.de\/\" target=\"_blank\" rel=\"noreferrer noopener\">Sitio web del Bundestag<\/a>. Puedes reservar con hasta dos meses de antelaci\u00f3n. <strong>Consejo:<\/strong> Las plazas se agotan r\u00e1pidamente, especialmente para las horas de la puesta de sol en verano.<\/li>\n\n\n\n<li><strong>En persona:<\/strong> Puede visitar el Centro de Servicio cerca del Reichstag (Scheidemannstra\u00dfe) hasta dos d\u00edas antes de su visita. Prep\u00e1rese para largas colas.<\/li>\n\n\n\n<li><strong>Fax\/Correo electr\u00f3nico:<\/strong> Un m\u00e9todo antiguo, todav\u00eda disponible pero m\u00e1s lento.<\/li>\n<\/ol>\n\n\n\n<h3 class=\"wp-block-heading\">Paso 2: Qu\u00e9 necesitas traer<\/h3>\n\n\n\n<ul class=\"wp-block-list\">\n<li><strong>Documento de identidad con foto:<\/strong> Esto no es negociable. Debes traer el <strong>identificaci\u00f3n f\u00edsica original<\/strong> o el pasaporte que utiliz\u00f3 durante el registro. Una fotocopia o una foto en su tel\u00e9fono ser\u00e1 <strong>no<\/strong> Se aceptar\u00e1. El nombre en el documento de identidad debe coincidir exactamente con el del registro.<\/li>\n\n\n\n<li><strong>Confirmaci\u00f3n:<\/strong> Ten a mano la confirmaci\u00f3n de tu reserva (impresa o en tu tel\u00e9fono).<\/li>\n<\/ul>\n\n\n\n<h3 class=\"wp-block-heading\">Paso 3: Control de seguridad<\/h3>\n\n\n\n<p>Llegue al menos 15 minutos antes de la hora programada. Pasar\u00e1 por un control de seguridad similar al de un aeropuerto. Se revisar\u00e1n las maletas y no se permite equipaje voluminoso. Hay taquillas disponibles cerca si lleva mochilas.<\/p>\n\n\n\n<h3 class=\"wp-block-heading\">Paso 4: Horario de apertura<\/h3>\n\n\n\n<ul class=\"wp-block-list\">\n<li><strong>Visitas generales:<\/strong> Todos los d\u00edas de 8:00 a. m. a medianoche (\u00faltima entrada a las 10:00 p. m.).<\/li>\n\n\n\n<li><strong>Sesiones plenarias:<\/strong> Si el Parlamento est\u00e1 en sesi\u00f3n, el acceso del p\u00fablico a ciertas \u00e1reas podr\u00eda estar restringido. Consulte el calendario en l\u00ednea.<\/li>\n\n\n\n<li><strong>Cierre:<\/strong> El edificio permanece cerrado los d\u00edas en que el Bundestag no est\u00e1 en sesi\u00f3n, generalmente durante los recesos, pero la c\u00fapula suele estar abierta. Consulte siempre el calendario oficial.<\/li>\n<\/ul>\n\n\n\n<h3 class=\"wp-block-heading\">Paso 5: Opciones para comer<\/h3>\n\n\n\n<ul class=\"wp-block-list\">\n<li><strong>Restaurante K\u00e4fer Dachgarten:<\/strong> Ubicado en la azotea. Ofrece alta cocina alemana con vistas. <strong>Es imprescindible reservar.<\/strong> y deben hacerse con suficiente antelaci\u00f3n. El c\u00f3digo de vestimenta es elegante informal.<\/li>\n\n\n\n<li><strong>Cafeter\u00eda:<\/strong> En la planta baja hay una cafeter\u00eda de autoservicio para quienes deseen comer algo r\u00e1pido y econ\u00f3mico.<\/li>\n<\/ul>\n\n\n\n<hr class=\"wp-block-separator has-alpha-channel-opacity\"\/>\n\n\n\n<h2 class=\"wp-block-heading\">5. Consejos clave para una experiencia \u00f3ptima.<\/h2>\n\n\n\n<p>Para aprovechar al m\u00e1ximo tu viaje, ten en cuenta estos consejos de expertos:<\/p>\n\n\n\n<ul class=\"wp-block-list\">\n<li><strong>Ve al atardecer:<\/strong> La vista de Berl\u00edn ba\u00f1ada por la luz dorada del atardecer es espectacular. Sin embargo, estos son los horarios m\u00e1s solicitados. Reg\u00edstrese justo cuando se abra el plazo (dos meses antes) para asegurar su reserva.<\/li>\n\n\n\n<li><strong>Visita en una ma\u00f1ana de un d\u00eda laborable:<\/strong> Si quieres evitar las multitudes dentro de la c\u00fapula, intenta ir un martes o un mi\u00e9rcoles por la ma\u00f1ana.<\/li>\n\n\n\n<li><strong>Usa zapatos c\u00f3modos:<\/strong> Aunque la rampa tiene una pendiente suave, tendr\u00e1s que estar de pie y caminando durante al menos 45 minutos o una hora.<\/li>\n\n\n\n<li><strong>Comb\u00ednalo con lugares de inter\u00e9s cercanos:<\/strong> El Reichstag est\u00e1 en el <strong>Barrio del Gobierno (Regierungsviertel)<\/strong>. Despu\u00e9s de su visita, camine hasta el <strong>Oficina del Canciller<\/strong> (Bundeskanzleramt), pasee por el <strong>Parque Tiergarten<\/strong>, o visite el <strong>Monumento conmemorativo a los jud\u00edos asesinados de Europa.<\/strong>, que se encuentra a tan solo 10 minutos a pie.<\/li>\n\n\n\n<li><strong>Busca el grafiti:<\/strong> Durante la visita guiada, f\u00edjese en los grafitis sovi\u00e9ticos de 1945 que se conservan en las paredes interiores. Son un recordatorio conmovedor del pasado del edificio.<\/li>\n\n\n\n<li><strong>Fotograf\u00eda:<\/strong> Se permite fotografiar dentro de la c\u00fapula y en la mayor\u00eda de las \u00e1reas p\u00fablicas. Sin embargo, se desaconseja el uso de flash y tr\u00edpodes en ciertas zonas. No fotograf\u00ede al personal de seguridad.<\/li>\n<\/ul>\n\n\n\n<hr class=\"wp-block-separator has-alpha-channel-opacity\"\/>\n\n\n\n<h2 class=\"wp-block-heading\">6. Simbolismo: Por qu\u00e9 importa el Reichstag<\/h2>\n\n\n\n<p>El Reichstag no es solo una atracci\u00f3n tur\u00edstica; es toda una declaraci\u00f3n.<\/p>\n\n\n\n<h3 class=\"wp-block-heading\">Transparencia<\/h3>\n\n\n\n<p>La c\u00fapula de cristal simboliza que el gobierno debe ser transparente ante el pueblo. En el pasado, los gobernantes se escond\u00edan tras muros de piedra; en la Alemania moderna, el pueblo mira con desd\u00e9n a sus representantes.<\/p>\n\n\n\n<h3 class=\"wp-block-heading\">El envoltorio de Cristo<\/h3>\n\n\n\n<p>En 1995, antes de que se completara la renovaci\u00f3n, los artistas <strong>Cristo y Juana de Arco<\/strong> Envolvieron todo el edificio con tela plateada y cuerda azul. Fue una de las instalaciones art\u00edsticas m\u00e1s famosas del siglo XX. Simbolizaba un \u201cnuevo comienzo\u201d para el edificio, ocultando su pasado traum\u00e1tico para prepararlo para el futuro.<\/p>\n\n\n\n<h3 class=\"wp-block-heading\">La democracia restaurada<\/h3>\n\n\n\n<p>El regreso del Parlamento a Berl\u00edn fue un hito psicol\u00f3gico. Signific\u00f3 que Alemania ya no estaba dividida, que Berl\u00edn estaba unida y que la democracia hab\u00eda echado ra\u00edces firmemente en el mismo terreno donde una vez hab\u00eda fracasado.<\/p>\n\n\n\n<hr class=\"wp-block-separator has-alpha-channel-opacity\"\/>\n\n\n\n<h2 class=\"wp-block-heading\">7. Preguntas frecuentes (FAQ)<\/h2>\n\n\n\n<p><strong>P: \u00bfLa visita al edificio del Reichstag es gratuita?<\/strong> R: S\u00ed, la entrada al Reichstag, incluyendo la c\u00fapula y la audiogu\u00eda, es totalmente gratuita. Solo se paga si se desea comer en el restaurante de la azotea.<\/p>\n\n\n\n<p><strong>P: \u00bfNecesito reservar con antelaci\u00f3n?<\/strong> R: S\u00ed. Rara vez se aceptan visitas sin cita previa. Debe registrarse en l\u00ednea o en persona en el centro de servicio. Recomendamos encarecidamente reservar en l\u00ednea con 2 a 4 semanas de anticipaci\u00f3n.<\/p>\n\n\n\n<p><strong>P: \u00bfPuedo entrar con mi c\u00e1mara?<\/strong> R: S\u00ed, se permiten c\u00e1maras de mano y tel\u00e9fonos inteligentes. Los palos para selfies y los tr\u00edpodes est\u00e1n prohibidos por motivos de seguridad y para controlar el flujo de personas.<\/p>\n\n\n\n<p><strong>P: \u00bfEl Reichstag es accesible para personas en silla de ruedas?<\/strong> S\u00ed, el edificio es totalmente accesible. Hay ascensores disponibles para acceder a la c\u00fapula para quienes no puedan usar la rampa en espiral. Por favor, informe al personal de seguridad a su llegada.<\/p>\n\n\n\n<p><strong>P: \u00bfCu\u00e1l es la diferencia entre el Reichstag y el Bundestag?<\/strong> A: El <strong>Reichstag<\/strong> es el nombre del edificio hist\u00f3rico. El <strong>Bundestag<\/strong> es el nombre del Parlamento Federal Alem\u00e1n que se re\u00fane dentro del edificio.<\/p>\n\n\n\n<p><strong>P: \u00bfCu\u00e1nto dura la visita?<\/strong> A: Calcula al menos entre 1 y 1,5 horas. Esto incluye el control de seguridad, el recorrido con audiogu\u00eda por la c\u00fapula y el tiempo para disfrutar de las vistas.<\/p>\n\n\n\n<p><strong>P: \u00bfQu\u00e9 ocurre si est\u00e1 nublado o llueve?<\/strong> A: La visita a la c\u00fapula se realiza en cualquier condici\u00f3n clim\u00e1tica. El cristal proporciona protecci\u00f3n, aunque la plataforma exterior superior puede cerrarse durante tormentas intensas.<\/p>\n\n\n\n<hr class=\"wp-block-separator has-alpha-channel-opacity\"\/>\n\n\n\n<h2 class=\"wp-block-heading\">8. Atracciones cercanas: El barrio gubernamental<\/h2>\n\n\n\n<p>Su visita al Reichstag puede ser f\u00e1cilmente el punto de partida de una excursi\u00f3n de medio d\u00eda por el coraz\u00f3n pol\u00edtico de Berl\u00edn.<\/p>\n\n\n\n<ol start=\"1\" class=\"wp-block-list\">\n<li><strong>La Canciller\u00eda (Bundeskanzleramt):<\/strong> Conocida a menudo en broma como la \u201cLavadora\u201d debido a su dise\u00f1o moderno, es la sede del gobierno m\u00e1s grande del mundo. Se puede observar desde el exterior, a orillas del r\u00edo Spree.<\/li>\n\n\n\n<li><strong>El Tiergarten:<\/strong> El parque central de Berl\u00edn est\u00e1 justo detr\u00e1s del Reichstag. Es perfecto para un picnic despu\u00e9s de su visita. Busque el <strong>Columna de la victoria (Siegess\u00e4ule)<\/strong> a lo lejos.<\/li>\n\n\n\n<li><strong>Casa de las Culturas del Mundo:<\/strong> A poca distancia a pie, este espacio alberga exposiciones sobre culturas no europeas y es conocido por su singular arquitectura de techo en forma de &quot;ostra pre\u00f1ada&quot;.<\/li>\n\n\n\n<li><strong>Paseo fluvial del Spree:<\/strong> Sigue el r\u00edo desde el Reichstag hacia la Isla de los Museos. Es una ruta panor\u00e1mica que pasa por el Foro Humboldt y la Catedral de Berl\u00edn.<\/li>\n<\/ol>\n\n\n\n<hr class=\"wp-block-separator has-alpha-channel-opacity\"\/>\n\n\n\n<h2 class=\"wp-block-heading\">Conclusi\u00f3n: Un lugar emblem\u00e1tico que no te puedes perder.<\/h2>\n\n\n\n<p>El <strong>Edificio del Reichstag<\/strong> Es un testimonio de resiliencia. Ha sobrevivido al fuego, la guerra, la divisi\u00f3n y el abandono para convertirse en uno de los edificios parlamentarios m\u00e1s modernos y simb\u00f3licos del mundo. Para el viajero, ofrece una combinaci\u00f3n \u00fanica de vistas impresionantes, genialidad arquitect\u00f3nica y un profundo contexto hist\u00f3rico.<\/p>\n\n\n\n<p>Ya sea que est\u00e9s de pie sobre la c\u00fapula de cristal contemplando la puesta de sol sobre la Puerta de Brandeburgo, o leyendo los grafitis conservados de los soldados sovi\u00e9ticos, el Reichstag te conecta con el coraz\u00f3n de Berl\u00edn.<\/p>\n\n\n\n<p><strong>Recordar:<\/strong> Planifica tu visita con antelaci\u00f3n, lleva tu identificaci\u00f3n y t\u00f3mate un momento para reflexionar sobre la trayectoria democr\u00e1tica que representa este edificio. No es solo una parada en tu itinerario; es una lecci\u00f3n de historia grabada en piedra y cristal.<\/p>\n\n\n\n<p><\/p>","protected":false},"excerpt":{"rendered":"<p>Introduction: A Symbol of German Democracy When you think of the Berlin skyline, one structure stands out not just for its height, but for its&#8230;<\/p>","protected":false},"author":1,"featured_media":0,"parent":0,"menu_order":0,"comment_status":"closed","ping_status":"closed","template":"","meta":{"footnotes":""},"class_list":["post-2","page","type-page","status-publish","hentry"],"_links":{"self":[{"href":"https:\/\/reichstagbuilding.com\/es\/wp-json\/wp\/v2\/pages\/2","targetHints":{"allow":["GET"]}}],"collection":[{"href":"https:\/\/reichstagbuilding.com\/es\/wp-json\/wp\/v2\/pages"}],"about":[{"href":"https:\/\/reichstagbuilding.com\/es\/wp-json\/wp\/v2\/types\/page"}],"author":[{"embeddable":true,"href":"https:\/\/reichstagbuilding.com\/es\/wp-json\/wp\/v2\/users\/1"}],"replies":[{"embeddable":true,"href":"https:\/\/reichstagbuilding.com\/es\/wp-json\/wp\/v2\/comments?post=2"}],"version-history":[{"count":0,"href":"https:\/\/reichstagbuilding.com\/es\/wp-json\/wp\/v2\/pages\/2\/revisions"}],"wp:attachment":[{"href":"https:\/\/reichstagbuilding.com\/es\/wp-json\/wp\/v2\/media?parent=2"}],"curies":[{"name":"wp","href":"https:\/\/api.w.org\/{rel}","templated":true}]}}