{"id":1079,"date":"2024-03-27T15:18:53","date_gmt":"2024-03-27T15:18:53","guid":{"rendered":"https:\/\/themes.estudiopatagon.com\/wordpress\/zento-personal\/?page_id=1079"},"modified":"2024-03-27T15:18:53","modified_gmt":"2024-03-27T15:18:53","slug":"explorez-nos-categories","status":"publish","type":"page","link":"https:\/\/reichstagbuilding.com\/fr\/explore-our-categories\/","title":{"rendered":"Explorez nos cat\u00e9gories \u2728"},"content":{"rendered":"<p>Que vous soyez un passionn\u00e9 de photographie ou simplement intrigu\u00e9 par l&#039;art de la narration visuelle, notre blog est votre porte d&#039;entr\u00e9e pour explorer le monde fascinant de photographes de renom et leurs r\u00e9cits captivants.<\/p>","protected":false},"excerpt":{"rendered":"<p>Whether you\u2019re a photography aficionado or simply intrigued by the art of visual storytelling, our blog is your gateway to exploring the mesmerizing world of&#8230;<\/p>","protected":false},"author":1,"featured_media":0,"parent":0,"menu_order":0,"comment_status":"closed","ping_status":"closed","template":"page-templates\/page-explore-tags.php","meta":{"footnotes":""},"class_list":["post-1079","page","type-page","status-publish","hentry"],"_links":{"self":[{"href":"https:\/\/reichstagbuilding.com\/fr\/wp-json\/wp\/v2\/pages\/1079","targetHints":{"allow":["GET"]}}],"collection":[{"href":"https:\/\/reichstagbuilding.com\/fr\/wp-json\/wp\/v2\/pages"}],"about":[{"href":"https:\/\/reichstagbuilding.com\/fr\/wp-json\/wp\/v2\/types\/page"}],"author":[{"embeddable":true,"href":"https:\/\/reichstagbuilding.com\/fr\/wp-json\/wp\/v2\/users\/1"}],"replies":[{"embeddable":true,"href":"https:\/\/reichstagbuilding.com\/fr\/wp-json\/wp\/v2\/comments?post=1079"}],"version-history":[{"count":0,"href":"https:\/\/reichstagbuilding.com\/fr\/wp-json\/wp\/v2\/pages\/1079\/revisions"}],"wp:attachment":[{"href":"https:\/\/reichstagbuilding.com\/fr\/wp-json\/wp\/v2\/media?parent=1079"}],"curies":[{"name":"wp","href":"https:\/\/api.w.org\/{rel}","templated":true}]}}