{"id":2,"date":"2025-06-04T06:21:28","date_gmt":"2025-06-04T06:21:28","guid":{"rendered":"https:\/\/app.myweb.vip\/wp\/?page_id=2"},"modified":"2026-03-23T05:58:53","modified_gmt":"2026-03-23T05:58:53","slug":"histoire-architecture-et-conseils-aux-visiteurs-du-reichstag","status":"publish","type":"page","link":"https:\/\/reichstagbuilding.com\/fr\/reichstag-building-history-architecture-and-visitor-tips\/","title":{"rendered":"Le Reichstag : histoire, architecture et conseils aux visiteurs"},"content":{"rendered":"<hr class=\"wp-block-separator has-alpha-channel-opacity\"\/>\n\n\n<div class=\"wp-block-image\">\n<figure class=\"aligncenter size-full\"><img loading=\"lazy\" decoding=\"async\" width=\"765\" height=\"1020\" src=\"https:\/\/reichstagbuilding.com\/wp-content\/uploads\/2026\/03\/image.png\" alt=\"\" class=\"wp-image-1445\" srcset=\"https:\/\/reichstagbuilding.com\/wp-content\/uploads\/2026\/03\/image.png 765w, https:\/\/reichstagbuilding.com\/wp-content\/uploads\/2026\/03\/image-225x300.png 225w\" sizes=\"auto, (max-width: 765px) 100vw, 765px\" \/><\/figure>\n<\/div>\n\n\n<h2 class=\"wp-block-heading\">Introduction : Un symbole de la d\u00e9mocratie allemande<\/h2>\n\n\n\n<p>Quand on pense \u00e0 la silhouette de Berlin, une structure se distingue non seulement par sa hauteur, mais aussi par son profond poids historique : le <strong>B\u00e2timent du Reichstag<\/strong>. Abritant le Bundestag (Parlement f\u00e9d\u00e9ral allemand), ce chef-d&#039;\u0153uvre architectural est bien plus qu&#039;un simple b\u00e2timent gouvernemental\u00a0; il constitue une v\u00e9ritable frise chronologique du XXe si\u00e8cle tumultueux de l&#039;Allemagne. De l&#039;\u00e9poque imp\u00e9riale au Troisi\u00e8me Reich, \u00e0 travers les divisions et l&#039;abandon, jusqu&#039;\u00e0 sa glorieuse renaissance en tant que symbole de la r\u00e9unification, le Reichstag raconte l&#039;histoire d&#039;une nation.<\/p>\n\n\n\n<p>Pour les voyageurs, les passionn\u00e9s d&#039;histoire et d&#039;architecture, une visite du Reichstag est incontournable. Que vous empruntiez la rampe en spirale de la c\u00e9l\u00e8bre coupole de verre ou que vous vous teniez sous l&#039;inscription <em>\u201c Dem Deutschen Volke \u201d<\/em> (Pour le peuple allemand), cette exp\u00e9rience est \u00e9mouvante.<\/p>\n\n\n\n<p>Dans ce guide complet, nous explorerons en profondeur\u2026 <strong>Histoire du b\u00e2timent du Reichstag<\/strong>, analyser son caract\u00e8re unique <strong>architecture<\/strong>, et fournir une proc\u00e9dure \u00e9tape par \u00e9tape <strong>guide du visiteur<\/strong> pour vous assurer une place au monument le plus populaire de Berlin.<\/p>\n\n\n\n<hr class=\"wp-block-separator has-alpha-channel-opacity\"\/>\n\n\n\n<h2 class=\"wp-block-heading\">1. L&#039;histoire tumultueuse du Reichstag<\/h2>\n\n\n\n<p>Pour comprendre ce b\u00e2timent, il faut comprendre son histoire. Les pierres du Reichstag ont \u00e9t\u00e9 t\u00e9moins de la naissance d&#039;un empire, de l&#039;effondrement de la d\u00e9mocratie, des horreurs de la guerre et de la joie de l&#039;unit\u00e9.<\/p>\n\n\n\n<h3 class=\"wp-block-heading\">L&#039;\u00e8re imp\u00e9riale (1894-1918)<\/h3>\n\n\n\n<p>Command\u00e9 par l&#039;empereur Guillaume Ier, le b\u00e2timent d&#039;origine a \u00e9t\u00e9 con\u00e7u par un architecte <strong>Paul Wallot<\/strong>. Sa construction d\u00e9buta en 1884 et s&#039;acheva dix ans plus tard, en 1894. \u00c0 l&#039;\u00e9poque, il s&#039;agissait de l&#039;un des plus grands et des plus impressionnants parlements du monde, avec son d\u00f4me caract\u00e9ristique, \u00e0 la pointe de la technologie pour l&#039;\u00e9poque. Cependant, le Kaiser nourrissait une profonde aversion pour le Parlement et le d\u00e9testait ouvertement, le qualifiant de \u201c cage \u00e0 singes \u201d et refusant d&#039;y entrer pendant des ann\u00e9es.<\/p>\n\n\n\n<h3 class=\"wp-block-heading\">Le Feu et le Troisi\u00e8me Reich (1933\u20131945)<\/h3>\n\n\n\n<p>L&#039;\u00e9v\u00e9nement le plus tristement c\u00e9l\u00e8bre de l&#039;histoire du b\u00e2timent s&#039;est produit le <strong>27 f\u00e9vrier 1933<\/strong>. Un incendie d\u00e9vastateur se d\u00e9clara dans la salle pl\u00e9ni\u00e8re. Le r\u00e9gime nazi, dirig\u00e9 par Adolf Hitler, utilisa cet incendie comme pr\u00e9texte pour suspendre les libert\u00e9s civiles et consolider son pouvoir, marquant une \u00e9tape cruciale vers la dictature. Bien que le b\u00e2timent ait \u00e9t\u00e9 endommag\u00e9, sa structure demeura solide. Durant la Seconde Guerre mondiale, il subit de nouveaux d\u00e9g\u00e2ts lors des bombardements alli\u00e9s et de la bataille de Berlin en 1945. Les soldats sovi\u00e9tiques recouvrirent les murs int\u00e9rieurs de graffitis (dont certains furent pr\u00e9serv\u00e9s lors de la r\u00e9novation) et hiss\u00e8rent le drapeau rouge sur le b\u00e2timent, symbolisant la fin de la guerre en Europe.<\/p>\n\n\n\n<h3 class=\"wp-block-heading\">N\u00e9gligence de la guerre froide (1945-1990)<\/h3>\n\n\n\n<p>Apr\u00e8s la guerre, Berlin fut divis\u00e9e. Le Reichstag se trouvait dans le secteur britannique de Berlin-Ouest, \u00e0 la fronti\u00e8re m\u00eame avec Berlin-Est. Le transfert de la capitale de l&#039;Allemagne de l&#039;Ouest \u00e0 Bonn ayant entra\u00een\u00e9 la perte de sa fonction politique, le b\u00e2timent devint une coquille vide, un fant\u00f4me du pass\u00e9, parfois utilis\u00e9 pour des expositions, mais largement oubli\u00e9. La division de l&#039;Allemagne se manifestait physiquement par\u2026 <strong>Mur de Berlin<\/strong>, qui fut construit \u00e0 quelques m\u00e8tres seulement de la fa\u00e7ade arri\u00e8re du Reichstag en 1961.<\/p>\n\n\n\n<h3 class=\"wp-block-heading\">R\u00e9unification et r\u00e9novation (1990-pr\u00e9sent)<\/h3>\n\n\n\n<p>Avec la chute du Mur en 1989 et la r\u00e9unification allemande en 1990, Berlin redevint la capitale. Il fut d\u00e9cid\u00e9 de r\u00e9installer le Parlement au Reichstag. Un concours fut organis\u00e9 pour r\u00e9am\u00e9nager l&#039;int\u00e9rieur, remport\u00e9 par un architecte britannique. <strong>Sir Norman Foster<\/strong>. Son projet respectait l&#039;enveloppe historique tout en y insufflant une transparence moderne et une approche durable. En 1999, le Bundestag y tint sa premi\u00e8re session, marquant ainsi le retour politique de l&#039;Allemagne \u00e0 Berlin.<\/p>\n\n\n\n<hr class=\"wp-block-separator has-alpha-channel-opacity\"\/>\n\n\n\n<h2 class=\"wp-block-heading\">2. Architecture : un m\u00e9lange d&#039;ancien et de moderne<\/h2>\n\n\n\n<p>Le Reichstag est un mod\u00e8le de r\u00e9habilitation r\u00e9ussie. Son ext\u00e9rieur conserve la grandeur du style n\u00e9o-Renaissance du XIXe si\u00e8cle, tandis que son int\u00e9rieur offre une vision futuriste de la transparence.<\/p>\n\n\n\n<h3 class=\"wp-block-heading\">Conception originale de Paul Wallot<\/h3>\n\n\n\n<p>La fa\u00e7ade en gr\u00e8s pr\u00e9sente des sculptures complexes, de grands escaliers et d&#039;imposantes colonnes. L&#039;un des \u00e9l\u00e9ments les plus remarquables est l&#039;inscription sur le portique principal\u00a0: <strong>\u201cDEM DEUTSCHEN VOLKE\u201d<\/strong> (Au peuple allemand). Fait int\u00e9ressant, cette inscription a \u00e9t\u00e9 ajout\u00e9e en 1916, pendant la Premi\u00e8re Guerre mondiale. Elle a \u00e9t\u00e9 retir\u00e9e par les nazis (qui consid\u00e9raient le Parlement comme faible) et n&#039;a \u00e9t\u00e9 r\u00e9tablie que lors des travaux de r\u00e9novation des ann\u00e9es 1990.<\/p>\n\n\n\n<h3 class=\"wp-block-heading\">L&#039;intervention moderne de Norman Foster<\/h3>\n\n\n\n<p>La philosophie de Foster \u00e9tait celle de la \u201c transparence gouvernementale \u201d. Il voulait que les citoyens puissent regarder leurs politiciens de haut, au sens propre comme au figur\u00e9.<\/p>\n\n\n\n<ul class=\"wp-block-list\">\n<li><strong>La salle pl\u00e9ni\u00e8re :<\/strong> La salle des d\u00e9bats a \u00e9t\u00e9 d\u00e9plac\u00e9e du centre du b\u00e2timent pour permettre la construction de la nouvelle coupole. Elle est con\u00e7ue en bois clair et b\u00e9n\u00e9ficie d&#039;une acoustique moderne.<\/li>\n\n\n\n<li><strong>Le jardin sur le toit :<\/strong> Les parties plates du toit sont recouvertes de v\u00e9g\u00e9tation, ce qui contribue \u00e0 l&#039;isolation et \u00e0 la gestion des eaux pluviales.<\/li>\n\n\n\n<li><strong>Durabilit\u00e9:<\/strong> Ce b\u00e2timent est un pionnier en mati\u00e8re d&#039;efficacit\u00e9 \u00e9nerg\u00e9tique. Il utilise une centrale de cog\u00e9n\u00e9ration et br\u00fble des biocarburants pour produire de l&#039;\u00e9lectricit\u00e9.<\/li>\n<\/ul>\n\n\n\n<hr class=\"wp-block-separator has-alpha-channel-opacity\"\/>\n\n\n\n<h2 class=\"wp-block-heading\">3. L&#039;embl\u00e9matique d\u00f4me de verre (Kuppel)<\/h2>\n\n\n\n<p>Le joyau de la couronne de la r\u00e9novation du Reichstag est le <strong>D\u00f4me de verre<\/strong>. C&#039;est la principale raison pour laquelle la plupart des touristes visitent le b\u00e2timent.<\/p>\n\n\n\n<h3 class=\"wp-block-heading\">Conception et fonction<\/h3>\n\n\n\n<p>Le d\u00f4me est compos\u00e9 de 3\u00a0000 panneaux de verre et d&#039;acier. Il n&#039;est pas uniquement d\u00e9coratif\u00a0; il remplit une fonction pratique\u00a0: la r\u00e9gulation thermique du b\u00e2timent.<\/p>\n\n\n\n<ul class=\"wp-block-list\">\n<li><strong>Le c\u00f4ne miroir :<\/strong> Au centre du d\u00f4me est suspendu un immense c\u00f4ne invers\u00e9 recouvert de 360 miroirs. Il r\u00e9fl\u00e9chit la lumi\u00e8re naturelle vers la salle pl\u00e9ni\u00e8re situ\u00e9e en contrebas, r\u00e9duisant ainsi le besoin d&#039;\u00e9clairage artificiel pendant la journ\u00e9e.<\/li>\n\n\n\n<li><strong>Ventilation:<\/strong> Le d\u00f4me fait office de chemin\u00e9e. En \u00e9t\u00e9, l&#039;air chaud monte et s&#039;\u00e9chappe par des ouvertures au sommet, aspirant ainsi de l&#039;air frais \u00e0 travers le b\u00e2timent. En hiver, le processus s&#039;inverse pour conserver la chaleur.<\/li>\n<\/ul>\n\n\n\n<h3 class=\"wp-block-heading\">L&#039;exp\u00e9rience du visiteur<\/h3>\n\n\n\n<p>Les visiteurs acc\u00e8dent au d\u00f4me par une rampe en spirale. Il y a deux rampes\u00a0: une pour monter et une pour descendre.<\/p>\n\n\n\n<ul class=\"wp-block-list\">\n<li><strong>La promenade :<\/strong> En montant en spirale, vous profiterez d&#039;une vue panoramique \u00e0 360 degr\u00e9s sur Berlin.<\/li>\n\n\n\n<li><strong>Points de rep\u00e8re cl\u00e9s\u00a0:<\/strong> Par temps clair, on peut apercevoir le <strong>Porte de Brandebourg<\/strong>, le <strong>Tiergarten<\/strong>, le <strong>Cath\u00e9drale de Berlin<\/strong>, et le <strong>Potsdamer Platz<\/strong>.<\/li>\n\n\n\n<li><strong>Guide audio\u00a0:<\/strong> Au fil de votre promenade, un guide audio automatis\u00e9 (disponible en plusieurs langues) se d\u00e9clenche en fonction de votre position, indiquant les points de rep\u00e8re ext\u00e9rieurs et expliquant les caract\u00e9ristiques architecturales int\u00e9rieures.<\/li>\n\n\n\n<li><strong>La plateforme :<\/strong> Tout en haut, une plateforme d&#039;observation permet de sortir de la paroi vitr\u00e9e pour profiter d&#039;une vue imprenable (si le temps le permet).<\/li>\n<\/ul>\n\n\n\n<hr class=\"wp-block-separator has-alpha-channel-opacity\"\/>\n\n\n\n<h2 class=\"wp-block-heading\">4. Comment visiter le Reichstag\u00a0: Informations pratiques<\/h2>\n\n\n\n<p>Visiter le Reichstag est <strong>gratuitement<\/strong>, Mais cela n\u00e9cessite une planification. En raison des mesures de s\u00e9curit\u00e9 \u00e9lev\u00e9es et de la forte demande, on ne peut pas simplement entrer.<\/p>\n\n\n\n<h3 class=\"wp-block-heading\">\u00c9tape 1 : L&#039;inscription est obligatoire<\/h3>\n\n\n\n<p>Vous devez enregistrer votre visite \u00e0 l&#039;avance. Il existe trois fa\u00e7ons de proc\u00e9der\u00a0:<\/p>\n\n\n\n<ol start=\"1\" class=\"wp-block-list\">\n<li><strong>En ligne:<\/strong> La m\u00e9thode la plus populaire. Inscrivez-vous sur le site officiel. <a href=\"https:\/\/www.bundestag.de\/\" target=\"_blank\" rel=\"noreferrer noopener\">Site web du Bundestag<\/a>. Vous pouvez r\u00e9server jusqu&#039;\u00e0 deux mois \u00e0 l&#039;avance. <strong>Conseil:<\/strong> Les cr\u00e9neaux horaires se remplissent rapidement, surtout pour les heures de coucher du soleil en \u00e9t\u00e9.<\/li>\n\n\n\n<li><strong>En personne:<\/strong> Vous pouvez vous rendre au centre de services situ\u00e9 pr\u00e8s du Reichstag (Scheidemannstra\u00dfe) jusqu&#039;\u00e0 deux jours avant votre visite. Pr\u00e9voyez une longue file d&#039;attente.<\/li>\n\n\n\n<li><strong>Fax\/Courriel\u00a0:<\/strong> Une m\u00e9thode plus ancienne, toujours disponible mais plus lente.<\/li>\n<\/ol>\n\n\n\n<h3 class=\"wp-block-heading\">\u00c9tape 2\u00a0: Ce que vous devez apporter<\/h3>\n\n\n\n<ul class=\"wp-block-list\">\n<li><strong>Photo d&#039;identit\u00e9\u00a0:<\/strong> C&#039;est non n\u00e9gociable. Vous devez apporter le <strong>pi\u00e8ce d&#039;identit\u00e9 physique originale<\/strong> ou le passeport que vous avez utilis\u00e9 lors de votre inscription. Une photocopie ou une photo sur votre t\u00e9l\u00e9phone fera l&#039;affaire. <strong>pas<\/strong> Pour \u00eatre accept\u00e9e, la pi\u00e8ce d&#039;identit\u00e9 doit pr\u00e9senter le nom exact figurant sur la pi\u00e8ce d&#039;identit\u00e9.<\/li>\n\n\n\n<li><strong>Confirmation:<\/strong> Pr\u00e9parez votre confirmation de r\u00e9servation (imprim\u00e9e ou sur votre t\u00e9l\u00e9phone).<\/li>\n<\/ul>\n\n\n\n<h3 class=\"wp-block-heading\">\u00c9tape 3 : Contr\u00f4le de s\u00e9curit\u00e9<\/h3>\n\n\n\n<p>Veuillez arriver au moins 15 minutes avant l&#039;heure pr\u00e9vue. Vous passerez un contr\u00f4le de s\u00e9curit\u00e9 similaire \u00e0 celui des a\u00e9roports. Vos sacs seront fouill\u00e9s et les bagages volumineux ne sont pas autoris\u00e9s. Des casiers sont \u00e0 votre disposition \u00e0 proximit\u00e9 si vous avez des sacs \u00e0 dos.<\/p>\n\n\n\n<h3 class=\"wp-block-heading\">\u00c9tape 4 : Horaires d&#039;ouverture<\/h3>\n\n\n\n<ul class=\"wp-block-list\">\n<li><strong>Visites g\u00e9n\u00e9rales :<\/strong> Tous les jours de 8h00 \u00e0 minuit (derni\u00e8re entr\u00e9e \u00e0 22h00).<\/li>\n\n\n\n<li><strong>S\u00e9ances pl\u00e9ni\u00e8res :<\/strong> Si le Parlement si\u00e8ge, l&#039;acc\u00e8s du public \u00e0 certaines zones peut \u00eatre restreint. Consultez le calendrier en ligne.<\/li>\n\n\n\n<li><strong>Fermeture:<\/strong> Le b\u00e2timent est ferm\u00e9 les jours o\u00f9 le Bundestag ne si\u00e8ge pas, g\u00e9n\u00e9ralement pendant les p\u00e9riodes de suspension des travaux parlementaires, mais la coupole reste g\u00e9n\u00e9ralement ouverte. Consultez toujours le calendrier officiel.<\/li>\n<\/ul>\n\n\n\n<h3 class=\"wp-block-heading\">\u00c9tape 5 : Options de restauration<\/h3>\n\n\n\n<ul class=\"wp-block-list\">\n<li><strong>Restaurant K\u00e4fer Dachgarten :<\/strong> Situ\u00e9 sur le toit-terrasse, il propose une cuisine allemande haut de gamme avec vue panoramique. <strong>Les r\u00e9servations sont essentielles<\/strong> et doivent \u00eatre r\u00e9serv\u00e9es bien \u00e0 l&#039;avance. Tenue vestimentaire : d\u00e9contract\u00e9e chic.<\/li>\n\n\n\n<li><strong>Caf\u00e9t\u00e9ria:<\/strong> Au rez-de-chauss\u00e9e, vous trouverez une caf\u00e9t\u00e9ria en libre-service pour un repas plus rapide et \u00e9conomique.<\/li>\n<\/ul>\n\n\n\n<hr class=\"wp-block-separator has-alpha-channel-opacity\"\/>\n\n\n\n<h2 class=\"wp-block-heading\">5. Conseils pour une exp\u00e9rience optimale<\/h2>\n\n\n\n<p>Pour profiter au maximum de votre voyage, tenez compte de ces conseils d&#039;initi\u00e9s\u00a0:<\/p>\n\n\n\n<ul class=\"wp-block-list\">\n<li><strong>Allez-y au coucher du soleil\u00a0:<\/strong> La vue de Berlin baign\u00e9e par la lumi\u00e8re dor\u00e9e du cr\u00e9puscule est spectaculaire. Cependant, ces cr\u00e9neaux horaires sont tr\u00e8s pris\u00e9s. Inscrivez-vous d\u00e8s l&#039;ouverture des r\u00e9servations (deux mois \u00e0 l&#039;avance) pour garantir votre place.<\/li>\n\n\n\n<li><strong>Visitez-nous un matin de semaine\u00a0:<\/strong> Si vous souhaitez \u00e9viter la foule \u00e0 l&#039;int\u00e9rieur du d\u00f4me, privil\u00e9giez un mardi ou un mercredi matin.<\/li>\n\n\n\n<li><strong>Portez des chaussures confortables :<\/strong> Bien que la rampe soit douce, vous resterez debout et marcherez pendant au moins 45 minutes \u00e0 une heure.<\/li>\n\n\n\n<li><strong>Combinez avec les sites touristiques \u00e0 proximit\u00e9\u00a0:<\/strong> Le Reichstag se trouve dans le <strong>Quartier du gouvernement (Regierungsviertel)<\/strong>. Apr\u00e8s votre visite, rendez-vous \u00e0 pied au <strong>Cabinet du chancelier<\/strong> (Bundeskanzleramt), promenez-vous dans le <strong>Parc Tiergarten<\/strong>, ou visitez le <strong>M\u00e9morial aux Juifs assassin\u00e9s d&#039;Europe<\/strong>, qui se trouve \u00e0 seulement 10 minutes \u00e0 pied.<\/li>\n\n\n\n<li><strong>Cherchez les graffitis\u00a0:<\/strong> Au cours de la visite, ne manquez pas d&#039;observer les graffitis sovi\u00e9tiques de 1945, pr\u00e9serv\u00e9s sur les murs int\u00e9rieurs. Ils constituent un t\u00e9moignage poignant du pass\u00e9 du b\u00e2timent.<\/li>\n\n\n\n<li><strong>Photographie:<\/strong> La photographie est autoris\u00e9e dans le d\u00f4me et dans la plupart des espaces publics. Toutefois, l&#039;utilisation du flash et des tr\u00e9pieds est g\u00e9n\u00e9ralement d\u00e9conseill\u00e9e dans certaines zones. Il est interdit de photographier le personnel de s\u00e9curit\u00e9.<\/li>\n<\/ul>\n\n\n\n<hr class=\"wp-block-separator has-alpha-channel-opacity\"\/>\n\n\n\n<h2 class=\"wp-block-heading\">6. Symbolisme : Pourquoi le Reichstag est important<\/h2>\n\n\n\n<p>Le Reichstag n&#039;est pas qu&#039;une simple attraction touristique ; c&#039;est un symbole.<\/p>\n\n\n\n<h3 class=\"wp-block-heading\">Transparence<\/h3>\n\n\n\n<p>Le d\u00f4me de verre symbolise la transparence du gouvernement envers le peuple. Autrefois, les dirigeants se cachaient derri\u00e8re des murs de pierre\u00a0; dans l\u2019Allemagne moderne, le peuple observe ses repr\u00e9sentants de haut.<\/p>\n\n\n\n<h3 class=\"wp-block-heading\">L&#039;emballage Christo<\/h3>\n\n\n\n<p>En 1995, avant la fin des travaux de r\u00e9novation, les artistes <strong>Christo et Jeanne-Claude<\/strong> L&#039;\u00e9difice tout entier fut envelopp\u00e9 de tissu argent\u00e9 et de cordes bleues. Cette installation artistique, l&#039;une des plus c\u00e9l\u00e8bres du XXe si\u00e8cle, symbolisait un \u201c\u00a0nouveau d\u00e9part\u00a0\u201d pour le b\u00e2timent, dissimulant son pass\u00e9 douloureux pour pr\u00e9parer son avenir.<\/p>\n\n\n\n<h3 class=\"wp-block-heading\">La d\u00e9mocratie restaur\u00e9e<\/h3>\n\n\n\n<p>Le retour du Parlement \u00e0 Berlin a constitu\u00e9 un tournant psychologique. Il signifiait que l&#039;Allemagne n&#039;\u00e9tait plus divis\u00e9e, que Berlin \u00e9tait unie et que la d\u00e9mocratie s&#039;\u00e9tait enracin\u00e9e fermement sur le m\u00eame sol o\u00f9 elle avait jadis \u00e9chou\u00e9.<\/p>\n\n\n\n<hr class=\"wp-block-separator has-alpha-channel-opacity\"\/>\n\n\n\n<h2 class=\"wp-block-heading\">7. Foire aux questions (FAQ)<\/h2>\n\n\n\n<p><strong>Q : La visite du Reichstag est-elle gratuite ?<\/strong> R : Oui, l&#039;entr\u00e9e au Reichstag, y compris la coupole et l&#039;audioguide, est enti\u00e8rement gratuite. Vous ne payez que si vous choisissez de manger au restaurant sur le toit.<\/p>\n\n\n\n<p><strong>Q : Dois-je r\u00e9server \u00e0 l&#039;avance ?<\/strong> R : Oui. Les visites sans rendez-vous sont rarement accept\u00e9es. Vous devez vous inscrire en ligne ou en personne au centre de services. Nous vous recommandons fortement de r\u00e9server en ligne 2 \u00e0 4 semaines \u00e0 l&#039;avance.<\/p>\n\n\n\n<p><strong>Q : Puis-je emporter mon appareil photo \u00e0 l&#039;int\u00e9rieur ?<\/strong> R : Oui, les appareils photo portables et les smartphones sont autoris\u00e9s. Les perches \u00e0 selfie et les tr\u00e9pieds sont interdits pour des raisons de s\u00e9curit\u00e9 et de fluidit\u00e9 du trafic.<\/p>\n\n\n\n<p><strong>Q : Le Reichstag est-il accessible aux personnes en fauteuil roulant ?<\/strong> R : Oui, le b\u00e2timent est enti\u00e8rement accessible. Des ascenseurs permettent d&#039;acc\u00e9der au d\u00f4me pour les personnes ne pouvant pas utiliser la rampe en colima\u00e7on. Veuillez en informer le service de s\u00e9curit\u00e9 \u00e0 votre arriv\u00e9e.<\/p>\n\n\n\n<p><strong>Q : Quelle est la diff\u00e9rence entre le Reichstag et le Bundestag ?<\/strong> A : Le <strong>Reichstag<\/strong> c&#039;est le nom du b\u00e2timent historique. <strong>Bundestag<\/strong> Il s&#039;agit du nom du Parlement f\u00e9d\u00e9ral allemand qui si\u00e8ge dans ce b\u00e2timent.<\/p>\n\n\n\n<p><strong>Q : Combien de temps dure la visite ?<\/strong> A : Pr\u00e9voyez au moins 1 \u00e0 1,5 heure. Cela comprend le contr\u00f4le de s\u00e9curit\u00e9, la visite audioguid\u00e9e du d\u00f4me et le temps d&#039;admirer la vue.<\/p>\n\n\n\n<p><strong>Q : Que se passe-t-il s&#039;il fait nuageux ou s&#039;il pleut ?<\/strong> A : La visite du d\u00f4me est possible par tous les temps. La paroi de verre offre un abri, mais la plateforme ext\u00e9rieure sup\u00e9rieure peut \u00eatre ferm\u00e9e en cas de fortes intemp\u00e9ries.<\/p>\n\n\n\n<hr class=\"wp-block-separator has-alpha-channel-opacity\"\/>\n\n\n\n<h2 class=\"wp-block-heading\">8. Attractions environnantes : Le quartier gouvernemental<\/h2>\n\n\n\n<p>Votre visite du Reichstag peut facilement constituer le point d&#039;orgue d&#039;une excursion d&#039;une demi-journ\u00e9e au c\u0153ur politique de Berlin.<\/p>\n\n\n\n<ol start=\"1\" class=\"wp-block-list\">\n<li><strong>Le Bureau du Chancelier (Bundeskanzleramt) :<\/strong> Souvent surnomm\u00e9 avec humour \u201c\u00a0la machine \u00e0 laver\u00a0\u201d en raison de son design moderne, il s&#039;agit du plus grand b\u00e2timent administratif du monde. On peut l&#039;admirer de l&#039;ext\u00e9rieur, le long de la Spree.<\/li>\n\n\n\n<li><strong>Le Tiergarten :<\/strong> Le parc central de Berlin se trouve juste derri\u00e8re le Reichstag. C&#039;est l&#039;endroit id\u00e9al pour un pique-nique apr\u00e8s votre visite. Cherchez le <strong>Colonne de la Victoire (Siegess\u00e4ule)<\/strong> au loin.<\/li>\n\n\n\n<li><strong>Maison des Cultures du Monde :<\/strong> \u00c0 quelques pas de l\u00e0, ce lieu accueille des expositions sur les cultures non europ\u00e9ennes et est connu pour son architecture de toit distinctive en forme d&#039;\u201c hu\u00eetre enceinte \u201d.<\/li>\n\n\n\n<li><strong>Promenade le long de la Spree :<\/strong> Suivez le fleuve depuis le Reichstag jusqu&#039;\u00e0 l&#039;\u00cele aux Mus\u00e9es. C&#039;est un itin\u00e9raire pittoresque qui passe devant le Forum Humboldt et la cath\u00e9drale de Berlin.<\/li>\n<\/ol>\n\n\n\n<hr class=\"wp-block-separator has-alpha-channel-opacity\"\/>\n\n\n\n<h2 class=\"wp-block-heading\">Conclusion : Un monument incontournable<\/h2>\n\n\n\n<p>Le <strong>B\u00e2timent du Reichstag<\/strong> Ce b\u00e2timent t\u00e9moigne d&#039;une r\u00e9silience exceptionnelle. Ayant surv\u00e9cu aux incendies, aux guerres, aux divisions et \u00e0 l&#039;abandon, il s&#039;impose aujourd&#039;hui comme l&#039;un des parlements les plus modernes et symboliques au monde. Pour le visiteur, il offre une combinaison unique de panoramas \u00e0 couper le souffle, de g\u00e9nie architectural et d&#039;un riche contexte historique.<\/p>\n\n\n\n<p>Que vous vous teniez au sommet du d\u00f4me de verre pour admirer le coucher du soleil sur la porte de Brandebourg, ou que vous lisiez les graffitis pr\u00e9serv\u00e9s des soldats sovi\u00e9tiques, le Reichstag vous connecte au c\u0153ur battant de Berlin.<\/p>\n\n\n\n<p><strong>Souviens-toi:<\/strong> Pr\u00e9voyez votre visite, munissez-vous de votre pi\u00e8ce d&#039;identit\u00e9 et prenez un instant pour m\u00e9diter sur le parcours d\u00e9mocratique que repr\u00e9sente ce b\u00e2timent. Il ne s&#039;agit pas d&#039;une simple \u00e9tape de votre itin\u00e9raire\u00a0; c&#039;est une le\u00e7on d&#039;histoire grav\u00e9e dans la pierre et le verre.<\/p>\n\n\n\n<p><\/p>","protected":false},"excerpt":{"rendered":"<p>Introduction: A Symbol of German Democracy When you think of the Berlin skyline, one structure stands out not just for its height, but for its&#8230;<\/p>","protected":false},"author":1,"featured_media":0,"parent":0,"menu_order":0,"comment_status":"closed","ping_status":"closed","template":"","meta":{"footnotes":""},"class_list":["post-2","page","type-page","status-publish","hentry"],"_links":{"self":[{"href":"https:\/\/reichstagbuilding.com\/fr\/wp-json\/wp\/v2\/pages\/2","targetHints":{"allow":["GET"]}}],"collection":[{"href":"https:\/\/reichstagbuilding.com\/fr\/wp-json\/wp\/v2\/pages"}],"about":[{"href":"https:\/\/reichstagbuilding.com\/fr\/wp-json\/wp\/v2\/types\/page"}],"author":[{"embeddable":true,"href":"https:\/\/reichstagbuilding.com\/fr\/wp-json\/wp\/v2\/users\/1"}],"replies":[{"embeddable":true,"href":"https:\/\/reichstagbuilding.com\/fr\/wp-json\/wp\/v2\/comments?post=2"}],"version-history":[{"count":0,"href":"https:\/\/reichstagbuilding.com\/fr\/wp-json\/wp\/v2\/pages\/2\/revisions"}],"wp:attachment":[{"href":"https:\/\/reichstagbuilding.com\/fr\/wp-json\/wp\/v2\/media?parent=2"}],"curies":[{"name":"wp","href":"https:\/\/api.w.org\/{rel}","templated":true}]}}