{"id":2,"date":"2025-06-04T06:21:28","date_gmt":"2025-06-04T06:21:28","guid":{"rendered":"https:\/\/app.myweb.vip\/wp\/?page_id=2"},"modified":"2026-03-23T05:58:53","modified_gmt":"2026-03-23T05:58:53","slug":"reichstag-storia-delledificio-architettura-e-consigli-per-i-visitatori","status":"publish","type":"page","link":"https:\/\/reichstagbuilding.com\/it\/reichstag-building-history-architecture-and-visitor-tips\/","title":{"rendered":"Palazzo del Reichstag: storia, architettura e consigli per i visitatori."},"content":{"rendered":"<hr class=\"wp-block-separator has-alpha-channel-opacity\"\/>\n\n\n<div class=\"wp-block-image\">\n<figure class=\"aligncenter size-full\"><img loading=\"lazy\" decoding=\"async\" width=\"765\" height=\"1020\" src=\"https:\/\/reichstagbuilding.com\/wp-content\/uploads\/2026\/03\/image.png\" alt=\"\" class=\"wp-image-1445\" srcset=\"https:\/\/reichstagbuilding.com\/wp-content\/uploads\/2026\/03\/image.png 765w, https:\/\/reichstagbuilding.com\/wp-content\/uploads\/2026\/03\/image-225x300.png 225w\" sizes=\"auto, (max-width: 765px) 100vw, 765px\" \/><\/figure>\n<\/div>\n\n\n<h2 class=\"wp-block-heading\">Introduzione: Un simbolo della democrazia tedesca<\/h2>\n\n\n\n<p>Quando si pensa allo skyline di Berlino, una struttura spicca non solo per la sua altezza, ma anche per il suo profondo peso storico: la <strong>Palazzo del Reichstag<\/strong>. Sede del Bundestag (Parlamento federale tedesco), questo capolavoro architettonico \u00e8 molto pi\u00f9 di un semplice edificio governativo: \u00e8 una testimonianza fisica della turbolenta storia della Germania del XX secolo. Dall&#039;epoca imperiale al Terzo Reich, passando per divisioni e abbandono, fino alla sua gloriosa rinascita come simbolo di riunificazione, il Reichstag racconta la storia di una nazione.<\/p>\n\n\n\n<p>Per i viaggiatori, gli appassionati di storia e gli amanti dell&#039;architettura, una visita al Reichstag \u00e8 irrinunciabile. Che si tratti di percorrere la rampa a spirale della famosa cupola di vetro o di sostare sotto l&#039;iscrizione <em>\u201cDem Deutschen Volke\u201d<\/em> (Per il popolo tedesco), l&#039;esperienza \u00e8 commovente.<\/p>\n\n\n\n<p>In questa guida completa, approfondiremo a fondo <strong>Storia del Palazzo del Reichstag<\/strong>, analizzare la sua unicit\u00e0 <strong>architettura<\/strong>, e fornire una procedura passo passo <strong>guida per i visitatori<\/strong> per assicurarti un posto nel luogo simbolo pi\u00f9 famoso di Berlino.<\/p>\n\n\n\n<hr class=\"wp-block-separator has-alpha-channel-opacity\"\/>\n\n\n\n<h2 class=\"wp-block-heading\">1. La storia turbolenta del Reichstag<\/h2>\n\n\n\n<p>Per comprendere l&#039;edificio, bisogna comprenderne la cronologia. Le pietre del Reichstag hanno assistito alla nascita di un impero, al crollo della democrazia, agli orrori della guerra e alla gioia dell&#039;unit\u00e0.<\/p>\n\n\n\n<h3 class=\"wp-block-heading\">L&#039;era imperiale (1894-1918)<\/h3>\n\n\n\n<p>Commissionato dall&#039;imperatore Guglielmo I, l&#039;edificio originale fu progettato dall&#039;architetto <strong>Paul Wallot<\/strong>. La costruzione inizi\u00f2 nel 1884 e fu completata dieci anni dopo, nel 1894. All&#039;epoca, era uno degli edifici parlamentari pi\u00f9 grandi e imponenti del mondo, caratterizzato da una cupola distintiva, tecnicamente avanzata per l&#039;epoca. Tuttavia, il Kaiser nutriva rancore nei confronti del parlamento e notoriamente non gradiva l&#039;edificio, definendolo una &quot;casa delle scimmie&quot; e rifiutandosi di entrarvi per anni.<\/p>\n\n\n\n<h3 class=\"wp-block-heading\">L&#039;incendio e il Terzo Reich (1933-1945)<\/h3>\n\n\n\n<p>L&#039;evento pi\u00f9 famigerato nella storia dell&#039;edificio \u00e8 avvenuto il <strong>27 febbraio 1933<\/strong>. Un devastante incendio divamp\u00f2 nell&#039;aula plenaria. Il regime nazista, guidato da Adolf Hitler, us\u00f2 l&#039;incendio come pretesto per sospendere le libert\u00e0 civili e consolidare il potere, segnando un passo cruciale verso la dittatura. Sebbene l&#039;edificio fosse danneggiato, rimase strutturalmente integro. Durante la Seconda Guerra Mondiale, sub\u00ec ulteriori danni a causa dei bombardamenti alleati e della battaglia di Berlino del 1945. I soldati sovietici imbrattarono i muri interni con graffiti (alcuni dei quali furono conservati durante i lavori di ristrutturazione) e issarono la bandiera rossa sull&#039;edificio, a simboleggiare la fine della guerra in Europa.<\/p>\n\n\n\n<h3 class=\"wp-block-heading\">Negligenza durante la Guerra Fredda (1945-1990)<\/h3>\n\n\n\n<p>Dopo la guerra, Berlino era divisa. Il Reichstag si trovava nel settore britannico di Berlino Ovest, ma proprio al confine con Berlino Est. Poich\u00e9 la capitale della Germania Ovest era stata trasferita a Bonn, l&#039;edificio perse la sua funzione politica. Rimase un guscio vuoto, un fantasma del passato, occasionalmente utilizzato per mostre ma in gran parte ignorato. La divisione della Germania si manifest\u00f2 fisicamente attraverso il <strong>Muro di Berlino<\/strong>, che fu costruito a pochi metri dalla facciata posteriore del Reichstag nel 1961.<\/p>\n\n\n\n<h3 class=\"wp-block-heading\">Riunificazione e ristrutturazione (1990-oggi)<\/h3>\n\n\n\n<p>Con la caduta del Muro nel 1989 e la riunificazione tedesca nel 1990, Berlino fu nuovamente dichiarata capitale. Si decise di riportare il Parlamento al Reichstag. Venne indetto un concorso per la riprogettazione degli interni, vinto dall&#039;architetto britannico <strong>Sir Norman Foster<\/strong>. Il suo progetto ha rispettato la struttura storica, infondendole al contempo trasparenza e sostenibilit\u00e0 moderne. Nel 1999, il Bundestag ha tenuto la sua prima sessione nell&#039;edificio ristrutturato, segnando il completamento del ritorno della Germania a Berlino come organo politico.<\/p>\n\n\n\n<hr class=\"wp-block-separator has-alpha-channel-opacity\"\/>\n\n\n\n<h2 class=\"wp-block-heading\">2. Architettura: un connubio tra antico e moderno<\/h2>\n\n\n\n<p>Il Reichstag \u00e8 un esempio magistrale di riqualificazione urbana. L&#039;esterno conserva la grandiosit\u00e0 dello stile neorinascimentale ottocentesco, mentre l&#039;interno \u00e8 una visione futuristica di trasparenza.<\/p>\n\n\n\n<h3 class=\"wp-block-heading\">Progetto originale di Paul Wallot<\/h3>\n\n\n\n<p>La facciata in arenaria presenta intagli elaborati, scalinate imponenti e colonne maestose. Uno degli elementi pi\u00f9 significativi \u00e8 l&#039;iscrizione sul portico anteriore: <strong>\u201cDEM DEUTSHEN VOLKE\u201d<\/strong> (Al popolo tedesco). \u00c8 interessante notare che questa iscrizione fu aggiunta nel 1916 durante la Prima Guerra Mondiale. Fu rimossa dai nazisti (che consideravano il parlamento debole) e ripristinata solo durante i lavori di ristrutturazione degli anni &#039;90.<\/p>\n\n\n\n<h3 class=\"wp-block-heading\">L&#039;intervento moderno di Norman Foster<\/h3>\n\n\n\n<p>La filosofia di Foster era la &quot;trasparenza del governo&quot;. Voleva che i cittadini potessero guardare dall&#039;alto in basso i propri politici, sia letteralmente che metaforicamente.<\/p>\n\n\n\n<ul class=\"wp-block-list\">\n<li><strong>La Sala Plenaria:<\/strong> La sala delle discussioni \u00e8 stata spostata dal centro dell&#039;edificio per fare spazio alla nuova struttura a cupola. \u00c8 stata progettata con legno chiaro e acustica moderna.<\/li>\n\n\n\n<li><strong>Il giardino pensile:<\/strong> Le sezioni piane del tetto sono ricoperte di vegetazione, che contribuisce all&#039;isolamento termico e alla gestione dell&#039;acqua piovana.<\/li>\n\n\n\n<li><strong>Sostenibilit\u00e0:<\/strong> L&#039;edificio \u00e8 all&#039;avanguardia in termini di efficienza energetica. Utilizza un impianto di cogenerazione e brucia biocarburanti per produrre elettricit\u00e0.<\/li>\n<\/ul>\n\n\n\n<hr class=\"wp-block-separator has-alpha-channel-opacity\"\/>\n\n\n\n<h2 class=\"wp-block-heading\">3. L&#039;iconica cupola di vetro (Kuppel)<\/h2>\n\n\n\n<p>Il gioiello della corona della ristrutturazione del Reichstag \u00e8 il <strong>Cupola di vetro<\/strong>. \u00c8 il motivo principale per cui la maggior parte dei turisti visita l&#039;edificio.<\/p>\n\n\n\n<h3 class=\"wp-block-heading\">Design e funzionalit\u00e0<\/h3>\n\n\n\n<p>La cupola \u00e8 composta da 3.000 pannelli di vetro e acciaio. Non \u00e8 meramente decorativa; svolge una funzione pratica per il controllo climatico dell&#039;edificio.<\/p>\n\n\n\n<ul class=\"wp-block-list\">\n<li><strong>Il cono specchiante:<\/strong> Al centro della cupola pende un enorme cono rovesciato ricoperto da 360 specchi. Esso riflette la luce naturale nella sala plenaria sottostante, riducendo la necessit\u00e0 di illuminazione artificiale durante il giorno.<\/li>\n\n\n\n<li><strong>Ventilazione:<\/strong> La cupola funge da camino. D&#039;estate, l&#039;aria calda sale e fuoriesce attraverso le aperture in cima, richiamando aria fresca all&#039;interno dell&#039;edificio. D&#039;inverno, il processo si inverte per trattenere il calore.<\/li>\n<\/ul>\n\n\n\n<h3 class=\"wp-block-heading\">L&#039;esperienza del visitatore<\/h3>\n\n\n\n<p>I visitatori accedono alla cupola tramite una rampa a spirale. Ci sono due rampe: una per salire e una per scendere.<\/p>\n\n\n\n<ul class=\"wp-block-list\">\n<li><strong>La passeggiata:<\/strong> Salendo a spirale, si pu\u00f2 godere di una vista panoramica a 360 gradi su Berlino.<\/li>\n\n\n\n<li><strong>Punti di riferimento principali:<\/strong> In una giornata limpida, puoi individuare il <strong>Porta di Brandeburgo<\/strong>, IL <strong>Tiergarten<\/strong>, IL <strong>Cattedrale di Berlino<\/strong>, e il <strong>Potsdamer Platz<\/strong>.<\/li>\n\n\n\n<li><strong>Audioguida:<\/strong> Mentre cammini, una guida audio automatica (disponibile in molte lingue) si attiva in base alla tua posizione, indicando punti di riferimento specifici all&#039;esterno e spiegando le caratteristiche architettoniche all&#039;interno.<\/li>\n\n\n\n<li><strong>La piattaforma:<\/strong> In cima, si trova una piattaforma panoramica da cui \u00e8 possibile sporgersi dal vetro per godere di una vista senza ostacoli (tempo permettendo).<\/li>\n<\/ul>\n\n\n\n<hr class=\"wp-block-separator has-alpha-channel-opacity\"\/>\n\n\n\n<h2 class=\"wp-block-heading\">4. Come visitare il Palazzo del Reichstag: informazioni logistiche essenziali<\/h2>\n\n\n\n<p>Visitare il Reichstag \u00e8 <strong>gratuito<\/strong>, ma richiede pianificazione. A causa delle elevate misure di sicurezza e dell&#039;enorme affluenza, non \u00e8 possibile semplicemente entrare.<\/p>\n\n\n\n<h3 class=\"wp-block-heading\">Passaggio 1: La registrazione \u00e8 obbligatoria<\/h3>\n\n\n\n<p>\u00c8 necessario prenotare la visita in anticipo. Ci sono tre modi per farlo:<\/p>\n\n\n\n<ol start=\"1\" class=\"wp-block-list\">\n<li><strong>Online:<\/strong> Il metodo pi\u00f9 popolare. Registrati sul sito ufficiale <a href=\"https:\/\/www.bundestag.de\/\" target=\"_blank\" rel=\"noreferrer noopener\">Sito web del Bundestag<\/a>. \u00c8 possibile prenotare con un anticipo massimo di due mesi. <strong>Mancia:<\/strong> I posti si esauriscono rapidamente, soprattutto per gli orari del tramonto in estate.<\/li>\n\n\n\n<li><strong>Di persona:<\/strong> \u00c8 possibile recarsi al Centro Servizi vicino al Reichstag (Scheidemannstra\u00dfe) fino a due giorni prima della visita. Si prevedono lunghe code.<\/li>\n\n\n\n<li><strong>Fax\/E-mail:<\/strong> Un metodo pi\u00f9 datato, ancora disponibile ma pi\u00f9 lento.<\/li>\n<\/ol>\n\n\n\n<h3 class=\"wp-block-heading\">Passaggio 2: Cosa devi portare<\/h3>\n\n\n\n<ul class=\"wp-block-list\">\n<li><strong>Documento d&#039;identit\u00e0 con foto:<\/strong> Questo non \u00e8 negoziabile. Devi portare il <strong>documento d&#039;identit\u00e0 fisico originale<\/strong> o il passaporto che hai usato durante la registrazione. Una fotocopia o una foto sul tuo telefono sar\u00e0 <strong>non<\/strong> sar\u00e0 accettato. Il nome sul documento d&#039;identit\u00e0 deve corrispondere esattamente a quello registrato.<\/li>\n\n\n\n<li><strong>Conferma:<\/strong> Tieni a portata di mano la conferma della prenotazione (stampata o sul tuo telefono).<\/li>\n<\/ul>\n\n\n\n<h3 class=\"wp-block-heading\">Fase 3: Controllo di sicurezza<\/h3>\n\n\n\n<p>Arrivate almeno 15 minuti prima dell&#039;orario previsto. Dovrete sottoporvi a un controllo di sicurezza simile a quello aeroportuale. I bagagli verranno controllati e non \u00e8 consentito portare bagagli di grandi dimensioni. Nelle vicinanze sono disponibili degli armadietti per chi ha con s\u00e9 uno zaino.<\/p>\n\n\n\n<h3 class=\"wp-block-heading\">Passo 4: Orari di apertura<\/h3>\n\n\n\n<ul class=\"wp-block-list\">\n<li><strong>Visite generali:<\/strong> Aperto tutti i giorni dalle 8:00 a mezzanotte (ultimo ingresso alle 22:00).<\/li>\n\n\n\n<li><strong>Sessioni plenarie:<\/strong> Durante i lavori parlamentari, l&#039;accesso del pubblico ad alcune aree potrebbe essere limitato. Consultare il calendario online.<\/li>\n\n\n\n<li><strong>Chiusura:<\/strong> L&#039;edificio \u00e8 chiuso nei giorni in cui il Bundestag non \u00e8 in seduta, di solito durante le pause, ma la cupola generalmente rimane aperta. Si consiglia di consultare sempre il calendario ufficiale.<\/li>\n<\/ul>\n\n\n\n<h3 class=\"wp-block-heading\">Passo 5: Opzioni per la ristorazione<\/h3>\n\n\n\n<ul class=\"wp-block-list\">\n<li><strong>Ristorante K\u00e4fer Dachgarten:<\/strong> Situato sulla terrazza panoramica, offre un&#039;esperienza di alta cucina tedesca con vista mozzafiato. <strong>La prenotazione \u00e8 obbligatoria<\/strong> e la prenotazione deve essere effettuata con largo anticipo. Il codice di abbigliamento \u00e8 smart casual.<\/li>\n\n\n\n<li><strong>Caffetteria:<\/strong> Al piano terra \u00e8 presente una mensa self-service per un pasto pi\u00f9 veloce ed economico.<\/li>\n<\/ul>\n\n\n\n<hr class=\"wp-block-separator has-alpha-channel-opacity\"\/>\n\n\n\n<h2 class=\"wp-block-heading\">5. Consigli utili per un&#039;esperienza ottimale<\/h2>\n\n\n\n<p>Per sfruttare al meglio il tuo viaggio, tieni a mente questi consigli da esperti:<\/p>\n\n\n\n<ul class=\"wp-block-list\">\n<li><strong>Andate al tramonto:<\/strong> La vista di Berlino immersa nella luce dorata del tramonto \u00e8 spettacolare. Tuttavia, questi sono i momenti pi\u00f9 richiesti. Registratevi esattamente all&#039;apertura delle prenotazioni (2 mesi prima) per assicurarvi questo orario.<\/li>\n\n\n\n<li><strong>Visita in una mattinata feriale:<\/strong> Se volete evitare la folla all&#039;interno della cupola, puntate a un marted\u00ec o un mercoled\u00ec mattina.<\/li>\n\n\n\n<li><strong>Indossa scarpe comode:<\/strong> Sebbene la rampa sia dolce, dovrete stare in piedi e camminare per almeno 45 minuti o un&#039;ora.<\/li>\n\n\n\n<li><strong>Abbinalo alle attrazioni nelle vicinanze:<\/strong> Il Reichstag si trova nel <strong>Quartiere governativo (Regierungsviertel)<\/strong>. Dopo la visita, cammina fino al <strong>Ufficio del Cancelliere<\/strong> (Bundeskanzleramt), passeggiare per il <strong>Parco Tiergarten<\/strong>, oppure visita il <strong>Memoriale in memoria degli ebrei assassinati d&#039;Europa<\/strong>, che si trova a soli 10 minuti a piedi.<\/li>\n\n\n\n<li><strong>Cerca i graffiti:<\/strong> Durante la visita, prestate attenzione ai graffiti sovietici del 1945, ancora ben conservati, sulle pareti interne. Sono un inquietante promemoria del passato dell&#039;edificio.<\/li>\n\n\n\n<li><strong>Fotografia:<\/strong> \u00c8 consentito scattare fotografie all&#039;interno della cupola e nella maggior parte delle aree pubbliche. Tuttavia, l&#039;uso del flash e dei treppiedi \u00e8 generalmente sconsigliato in alcune zone. \u00c8 vietato fotografare il personale di sicurezza.<\/li>\n<\/ul>\n\n\n\n<hr class=\"wp-block-separator has-alpha-channel-opacity\"\/>\n\n\n\n<h2 class=\"wp-block-heading\">6. Simbolismo: perch\u00e9 il Reichstag \u00e8 importante<\/h2>\n\n\n\n<p>Il Reichstag non \u00e8 solo un&#039;attrazione turistica; \u00e8 una dichiarazione d&#039;intenti.<\/p>\n\n\n\n<h3 class=\"wp-block-heading\">Trasparenza<\/h3>\n\n\n\n<p>La cupola di vetro simboleggia la necessit\u00e0 di trasparenza del governo nei confronti del popolo. In passato, i governanti si nascondevano dietro mura di pietra; nella Germania moderna, il popolo guarda dall&#039;alto in basso i propri rappresentanti.<\/p>\n\n\n\n<h3 class=\"wp-block-heading\">La confezione di Cristo<\/h3>\n\n\n\n<p>Nel 1995, prima che la ristrutturazione fosse completata, gli artisti <strong>Cristo e Jeanne-Claude<\/strong> Avvolse l&#039;intero edificio con tessuto argentato e corde blu. Fu una delle installazioni artistiche pi\u00f9 famose del XX secolo. Simboleggi\u00f2 un &quot;nuovo inizio&quot; per l&#039;edificio, nascondendo il suo passato travagliato per prepararlo al futuro.<\/p>\n\n\n\n<h3 class=\"wp-block-heading\">Democrazia restaurata<\/h3>\n\n\n\n<p>Il ritorno del Parlamento a Berlino rappresent\u00f2 una pietra miliare a livello psicologico. Segnal\u00f2 che la Germania non era pi\u00f9 divisa, che Berlino era unita e che la democrazia aveva messo radici solide nello stesso terreno dove un tempo aveva fallito.<\/p>\n\n\n\n<hr class=\"wp-block-separator has-alpha-channel-opacity\"\/>\n\n\n\n<h2 class=\"wp-block-heading\">7. Domande frequenti (FAQ)<\/h2>\n\n\n\n<p><strong>D: La visita al Palazzo del Reichstag \u00e8 gratuita?<\/strong> A: S\u00ec, l&#039;ingresso al Reichstag, compresa la cupola e l&#039;audioguida, \u00e8 completamente gratuito. Si paga solo se si sceglie di mangiare al ristorante sul tetto.<\/p>\n\n\n\n<p><strong>D: Devo prenotare in anticipo?<\/strong> R: S\u00ec. Le visite senza appuntamento sono raramente accettate. \u00c8 necessario registrarsi online o di persona presso il centro assistenza. Consigliamo vivamente di prenotare online con 2-4 settimane di anticipo.<\/p>\n\n\n\n<p><strong>D: Posso portare la mia macchina fotografica all&#039;interno?<\/strong> R: S\u00ec, sono ammesse fotocamere portatili e smartphone. I bastoni per selfie e i treppiedi sono vietati per motivi di sicurezza e per agevolare la gestione del flusso di persone.<\/p>\n\n\n\n<p><strong>D: Il Reichstag \u00e8 accessibile alle persone in sedia a rotelle?<\/strong> A: S\u00ec, l&#039;edificio \u00e8 completamente accessibile. Sono disponibili ascensori per raggiungere la cupola per coloro che non possono utilizzare la rampa a chiocciola. Si prega di informare il personale di sicurezza all&#039;arrivo.<\/p>\n\n\n\n<p><strong>D: Qual \u00e8 la differenza tra il Reichstag e il Bundestag?<\/strong> A: Il <strong>Reichstag<\/strong> \u00e8 il nome dell&#039;edificio storico. <strong>Bundestag<\/strong> \u00e8 il nome del Parlamento federale tedesco che si riunisce all&#039;interno dell&#039;edificio.<\/p>\n\n\n\n<p><strong>D: Quanto dura la visita?<\/strong> A: Calcola almeno da 1 a 1,5 ore. Questo include i controlli di sicurezza, la visita con audioguida all&#039;interno della cupola e il tempo per godersi il panorama.<\/p>\n\n\n\n<p><strong>D: Cosa succede se \u00e8 nuvoloso o piove?<\/strong> A: La visita alla cupola \u00e8 possibile con qualsiasi condizione meteorologica. Il vetro offre riparo, sebbene la piattaforma esterna superiore possa essere chiusa in caso di forti temporali.<\/p>\n\n\n\n<hr class=\"wp-block-separator has-alpha-channel-opacity\"\/>\n\n\n\n<h2 class=\"wp-block-heading\">8. Attrazioni circostanti: il quartiere governativo<\/h2>\n\n\n\n<p>La visita al Reichstag pu\u00f2 facilmente diventare il punto di partenza di un tour di mezza giornata nel cuore politico di Berlino.<\/p>\n\n\n\n<ol start=\"1\" class=\"wp-block-list\">\n<li><strong>Ufficio del Cancelliere (Bundeskanzleramt):<\/strong> Spesso chiamata scherzosamente &quot;Lavatrice&quot; per via del suo design moderno, \u00e8 la pi\u00f9 grande sede di governo al mondo. \u00c8 possibile ammirarla dall&#039;esterno lungo il fiume Sprea.<\/li>\n\n\n\n<li><strong>Il Tiergarten:<\/strong> Il parco centrale di Berlino si trova proprio dietro il Reichstag. \u00c8 perfetto per un picnic dopo la visita. Cerca il <strong>Colonna della Vittoria (Siegess\u00e4ule)<\/strong> in lontananza.<\/li>\n\n\n\n<li><strong>Casa delle Culture del Mondo:<\/strong> A pochi passi di distanza, questo luogo ospita mostre sulle culture extraeuropee ed \u00e8 noto per la sua particolare architettura del tetto a forma di &quot;ostrica gravida&quot;.<\/li>\n\n\n\n<li><strong>Passeggiata lungo il fiume Sprea:<\/strong> Seguite il fiume dal Reichstag verso l&#039;Isola dei Musei. \u00c8 un percorso panoramico che passa accanto all&#039;Humboldt Forum e al Duomo di Berlino.<\/li>\n<\/ol>\n\n\n\n<hr class=\"wp-block-separator has-alpha-channel-opacity\"\/>\n\n\n\n<h2 class=\"wp-block-heading\">Conclusione: Un luogo imperdibile<\/h2>\n\n\n\n<p>IL <strong>Palazzo del Reichstag<\/strong> \u00c8 una testimonianza di resilienza. \u00c8 sopravvissuto a incendi, guerre, divisioni e incuria, emergendo come uno degli edifici parlamentari pi\u00f9 moderni e simbolici al mondo. Per il viaggiatore, offre una combinazione unica di panorami mozzafiato, genio architettonico e profondo contesto storico.<\/p>\n\n\n\n<p>Che siate in piedi sulla cupola di vetro ad ammirare il tramonto sulla Porta di Brandeburgo, o che stiate leggendo i graffiti ben conservati dei soldati sovietici, il Reichstag vi connette al cuore pulsante di Berlino.<\/p>\n\n\n\n<p><strong>Ricordare:<\/strong> Pianificate la visita in anticipo, portate con voi un documento d&#039;identit\u00e0 e prendetevi un momento per riflettere sul percorso democratico che questo edificio rappresenta. Non \u00e8 solo una tappa del vostro itinerario; \u00e8 una lezione di storia scolpita nella pietra e nel vetro.<\/p>\n\n\n\n<p><\/p>","protected":false},"excerpt":{"rendered":"<p>Introduction: A Symbol of German Democracy When you think of the Berlin skyline, one structure stands out not just for its height, but for its&#8230;<\/p>","protected":false},"author":1,"featured_media":0,"parent":0,"menu_order":0,"comment_status":"closed","ping_status":"closed","template":"","meta":{"footnotes":""},"class_list":["post-2","page","type-page","status-publish","hentry"],"_links":{"self":[{"href":"https:\/\/reichstagbuilding.com\/it\/wp-json\/wp\/v2\/pages\/2","targetHints":{"allow":["GET"]}}],"collection":[{"href":"https:\/\/reichstagbuilding.com\/it\/wp-json\/wp\/v2\/pages"}],"about":[{"href":"https:\/\/reichstagbuilding.com\/it\/wp-json\/wp\/v2\/types\/page"}],"author":[{"embeddable":true,"href":"https:\/\/reichstagbuilding.com\/it\/wp-json\/wp\/v2\/users\/1"}],"replies":[{"embeddable":true,"href":"https:\/\/reichstagbuilding.com\/it\/wp-json\/wp\/v2\/comments?post=2"}],"version-history":[{"count":0,"href":"https:\/\/reichstagbuilding.com\/it\/wp-json\/wp\/v2\/pages\/2\/revisions"}],"wp:attachment":[{"href":"https:\/\/reichstagbuilding.com\/it\/wp-json\/wp\/v2\/media?parent=2"}],"curies":[{"name":"wp","href":"https:\/\/api.w.org\/{rel}","templated":true}]}}